{"id":2,"date":"2014-05-08T10:19:41","date_gmt":"2014-05-08T08:19:41","guid":{"rendered":"http:\/\/tomo.bplaced.net\/wordpress\/?page_id=2"},"modified":"2026-04-07T17:19:24","modified_gmt":"2026-04-07T15:19:24","slug":"schlagzeuglehrer-musiker","status":"publish","type":"page","link":"https:\/\/thomasmoia.de\/wordpress\/schlagzeuglehrer-musiker\/","title":{"rendered":"Schlagzeuglehrer &#038; Musiker"},"content":{"rendered":"<div class=\"wp-block-image\">\n<figure class=\"alignleft size-thumbnail\"><img loading=\"lazy\" decoding=\"async\" width=\"150\" height=\"150\" src=\"https:\/\/thomasmoia.de\/wordpress\/wp-content\/uploads\/2018\/11\/DSC_7363-150x150.jpg\" alt=\"\" class=\"wp-image-698\"\/><\/figure>\n<\/div>\n\n\n<h2 class=\"wp-block-heading\">T\u00e4tigkeit als Schlagzeuglehrer<\/h2>\n\n\n\n<p>Aktuell gr\u00fcndet sich meine Unterrichtserfahrung&nbsp;als Schlagzeuglehrer im Privat- und Musikschulunterricht auf etwa 25 Jahre. Hierzu geh\u00f6ren zum einen mein Privatunterricht in M\u00f6nchengladbach und zum anderen die Dozentenstellen an verschiedenen Musikschulen. Dazu geh\u00f6ren die Musikschule &nbsp;&#8222;<em>Rhythm-Matters&#8220;<\/em> in Krefeld, sowie die &#8222;<em>Music-Academie&#8220;<\/em> in Viersen\u201c, ebenso<em>&nbsp;&#8222;MusicArt&#8220; <\/em>in Meerbusch. In den letzten 10 Jahren habe ich in der Musikschule &#8222;<em>MusicArt&#8220;<\/em>-Kempen unterrichtet und hatte dar\u00fcber hinaus zusammen mit meiner Frau Lioba Moia die Leitung inne.<\/p>\n\n\n\n<h3 class=\"wp-block-heading\">Workshops<\/h3>\n\n\n\n<p>Ebenso gerne habe ich mein Wissen rund ums Schlagzeug in au\u00dferplanm\u00e4\u00dfigen Workshops vermittelt. Dies geschah u.a. f\u00fcr <em>W\u00f6lli,&nbsp;<\/em>den ehemaligen Drummer der <em>\u201eToten Hosen\u201c&nbsp;<\/em>an der <em>\u201cRock- &amp; Pop- Akademie\u201d<\/em> \/ Meerbusch. Ferner im Rahmen meiner ehemaligen T\u00e4tigkeit in der schon oben genannten Krefelder Musikschule &#8222;<em>Rhythm-Matters&#8220;.<\/em><\/p>\n\n\n\n<hr class=\"wp-block-separator has-alpha-channel-opacity\"\/>\n\n\n\n<h3 class=\"wp-block-heading\">Eigene Ausbildung<\/h3>\n\n\n\n<p>Im Folgenden habe ich f\u00fcr Interessierte noch einen kurzen Abriss meiner eigenen Unterrichts- und Musikerhistorie zusammengefasst&#8230;<\/p>\n\n\n\n<p>Ich hatte Unterricht in jungen Jahren bei:<\/p>\n\n\n\n<ul class=\"wp-block-list\">\n<li><em>Phillip Krebs<\/em> (M\u00f6nchengladbacher Szene-Drummer, sp\u00e4ter Dozent an der Musikhochschule K\u00f6ln) ebenso bei<\/li>\n\n\n\n<li><em>Nicki Gebhard<\/em> (Musikschule M\u00f6nchengladbach).<\/li>\n<\/ul>\n\n\n\n<p>Im Anschluss hieran folgten Fortbildungen auf zahlreichen Seminaren\/Workshops\/Masterclasses u.a. bei:<\/p>\n\n\n\n<ul class=\"wp-block-list\">\n<li><em>Dom Farmularo <\/em>ferner<\/li>\n\n\n\n<li><em>Steve Smith <\/em>sowie<\/li>\n\n\n\n<li><em>dem Dozententeam \u201eJazz-Haus\u201c\/ K\u00f6ln<\/em>.<\/li>\n<\/ul>\n\n\n\n<p>Im Weiteren hatte ich \u00fcber mehrere Jahre regelm\u00e4\u00dfig Unterricht am \u201eDrummers Institute\u201c \/ D\u00fcsseldorf bei u.a.<\/p>\n\n\n\n<ul class=\"wp-block-list\">\n<li><em>Guido J\u00f6ris <\/em>zudem noch<\/li>\n\n\n\n<li><em>Jan Rohlfing <\/em>und weiterhin<\/li>\n\n\n\n<li><em>Christian Tourney.<\/em><\/li>\n<\/ul>\n\n\n\n<p>Und schlie\u00dflich meine Fortbildung bei verschiedenen privaten Dozenten wie<\/p>\n\n\n\n<ul class=\"wp-block-list\">\n<li><em>Robert Hurasky<\/em> (Musikschule M\u00f6nchengladbach) genau so wie<\/li>\n\n\n\n<li><em>Ron van Stratum<\/em> (Kunsthochschule Maastricht).<\/li>\n<\/ul>\n\n\n\n<hr class=\"wp-block-separator has-alpha-channel-opacity\"\/>\n\n\n\n<h2 class=\"wp-block-heading\">T\u00e4tigkeit als Musiker<\/h2>\n\n\n\n<p>Die Vielf\u00e4ltigkeit in der Ausbildung spiegelt auch heute noch meine musikalische Bandbreite wieder. So hatte ich \u00fcber die Jahre neben meinen zahlreichen Jobs in diversen lokalen und \u00fcberregionalen Coverbands auch gelegentliche Engagements mit Acts aus der Jazz-, Latin- oder Gospel-Abteilung. Zu den Top-40-Bands gerh\u00f6rten in erster Linie aus dem M\u00f6nchengladbacher Raum \u201e<em>JAM\u201c<\/em>, ebenso wie \u201e<em>Catwalk\u201c<\/em> und danach die \u201e<em>Rememberband\u201c<\/em>. \u00dcberregional und jazziger waren die Italo-Pop-Band \u201e<em>Pacifica\u201c<\/em>, weiterhin der Gospelchor <em>\u201eHis Voice\u201c<\/em> oder gleichfalls das Jazz-Gitarren-Duo<em> \u201eSofa so gut\u201c<\/em>. Bei Aufnahmen war ich f\u00fcr unterschiedliche Projekte und Bands als Studiodrummer t\u00e4tig. Ebenso trommelte ich bei kleinere Produktionen von Kinowerbespots, Theaterproduktionen, u.\u00e4.<\/p>\n\n\n\n<p>In der j\u00fcngeren Vergangenheit hatte ich die M\u00f6glichkeit in unterschiedlichen Projekten und Bands mit Musikern zusammen zu arbeiten wie:<\/p>\n\n\n\n<div style=\"height:30px\" aria-hidden=\"true\" class=\"wp-block-spacer\"><\/div>\n\n\n\n<p><strong><span style=\"text-decoration: underline;\"><em>&#8222;Der Kapuvka&#8220;<\/em><\/span><\/strong> &nbsp; <a href=\"https:\/\/www.hpfassbender.de\/projekte-aktuelles\/\" target=\"_blank\" rel=\"noreferrer noopener\">Website <\/a><\/p>\n\n\n\n<p class=\"has-background\" style=\"background-color:#ffffff00\">u.a. mit: <em>Hans-Peter-Fa\u00dfbender (keyb.), Gerd Strasdas (g.), R\u00fcdiger Bl\u00f6mer (vl), Marko Kassel (acc), J\u00fcrgen L\u00f6scher (sax), Markus T\u00fcrk (trp), Robert Hurasky (dr, perc.)<\/em><\/p>\n\n\n\n<p><strong><span style=\"text-decoration: underline;\"><em>&#8222;Futschikato-Jazz-Session&#8220;<\/em><\/span><\/strong><\/p>\n\n\n\n<p class=\"has-background\" style=\"background-color:#ffffff00\">u.a. mit: <em>Vitus Micha (g.), Gerd Strasdas (g), Torsten Verlinden (b), Adrian Wachowiak (p), Marcel Groethuis (b)<\/em><\/p>\n\n\n\n<p><strong><span style=\"text-decoration: underline;\"><em>&#8222;Luke Mays Band&#8220;<\/em><\/span><\/strong><\/p>\n\n\n\n<p class=\"has-background\" style=\"background-color:#ffffff00\">u.a. mit:<em>&nbsp;Luke Mays (g), Vera Derichs (voc.), Gero Gellert (b), Jens Foltyowicz (b)<br \/><\/em><\/p>\n\n\n\n<p class=\"has-text-align-left\"><span style=\"text-decoration: underline;\"><em><strong>&#8222;For Example &#8211; Die Covershow&#8220;&nbsp;<\/strong><\/em><\/span> <a href=\"https:\/\/thomasmoia.de\/wordpress\/live-videos\/\" target=\"_blank\" rel=\"noreferrer noopener\">Galerie<\/a><\/p>\n\n\n\n<p class=\"has-text-align-left has-background\" style=\"background-color:#ffffff00\">u.a. mit:<em> Luke Mays (git.), Torsten Verlinden (b), G\u00fcnter Asbeck (b), Jens Foltyowicz (b), Vera Derichs (voc.), Gero Gellert (b), Andi Kober (b)<\/em><\/p>\n\n\n\n<p><span style=\"text-decoration: underline;\"><em><strong>&#8222;Moving Vibes&#8220;<\/strong><\/em><\/span> <a href=\"https:\/\/thomasmoia.de\/wordpress\/live-videos\/\" target=\"_blank\" rel=\"noreferrer noopener\">Galerie<\/a><\/p>\n\n\n\n<p class=\"has-background\" style=\"background-color:#ffffff00\">u.a. mit:<em> Eberhard Fink (g), Kai Diewald (b), Gwen Jolie (voc.)<\/em><\/p>\n\n\n\n<p><span style=\"text-decoration: underline;\"><em><strong>&#8222;Nico Deluxe&#8220;<\/strong><\/em><\/span> <a href=\"http:\/\/nicodeluxe.de\/wordpress\/\" target=\"_blank\" rel=\"noreferrer noopener\">Website <\/a>&amp; <a href=\"https:\/\/thomasmoia.de\/wordpress\/live-videos\/\">Galerie<\/a><\/p>\n\n\n\n<p class=\"has-background\" style=\"background-color:#ffffff00\">mit: <em>Lioba Moia (voc.), Gerd Strasdas (g)<\/em><\/p>\n\n\n\n<p><span style=\"text-decoration: underline;\"><em><strong>&#8222;Bridgeless&#8220;<\/strong><\/em><\/span> <a href=\"http:\/\/bridgeless.net\" target=\"_blank\" rel=\"noreferrer noopener\">Website<\/a> &amp; <a href=\"https:\/\/thomasmoia.de\/wordpress\/live-videos\/\" target=\"_blank\" rel=\"noreferrer noopener\">Galerie<\/a><\/p>\n\n\n\n<p class=\"has-background\" style=\"background-color:#ffffff00\">u.a. mit:<em>&nbsp;Sonja LaVoice (voc.), Gerd Strasdas (g), Markus Grimm (trp), Heribert G\u00f6tzen (perc.)<\/em><\/p>\n\n\n\n<p><span style=\"text-decoration: underline;\"><em><strong>&#8222;Eine Stadtfest Jazz-Quartett<\/strong><\/em><\/span><em><strong>&#8222;<\/strong><\/em> <a href=\"https:\/\/thomasmoia.de\/wordpress\/live-bilder\/\" target=\"_blank\" rel=\"noreferrer noopener\">Galerie<\/a><\/p>\n\n\n\n<p class=\"has-background\" style=\"background-color:#ffffff00\">mit:<em> Gerd Strasdas (g), Horst Winstermann (g), Konstantin Wienstroer (b)<\/em><\/p>\n\n\n\n<p><span style=\"text-decoration: underline;\"><em><strong>&#8222;Trion+&#8220;<\/strong><\/em><\/span> <a href=\"https:\/\/trionplus.online\/\" target=\"_blank\" rel=\"noreferrer noopener\">Website<\/a> &amp; <a href=\"https:\/\/thomasmoia.de\/wordpress\/live-videos\/\" target=\"_blank\" rel=\"noreferrer noopener\">Galerie<\/a><\/p>\n\n\n\n<p class=\"has-background\" style=\"background-color:#ffffff00\">mit <em>Bernd Liffers (g), Wolfgang Kohlert (b)<\/em><\/p>\n\n\n\n<p><span style=\"text-decoration: underline;\"><em><strong>&#8222;Dr. Bob&#8220;<\/strong><\/em><\/span> <a href=\"https:\/\/drbob-rockt.de\/\" target=\"_blank\" rel=\"noreferrer noopener\">Website<\/a> &amp; <a href=\"https:\/\/thomasmoia.de\/wordpress\/live-bilder\/\" target=\"_blank\" rel=\"noreferrer noopener\">Galerie<\/a><\/p>\n\n\n\n<p class=\"has-background\" style=\"background-color:#ffffff00\">mit <em>Markus V\u00f6geler (g), Waldemar Kronberg (b), Steff Rittau (voc.)<\/em><\/p>\n\n\n\n<p><span style=\"text-decoration: underline;\"><em><strong>&#8222;Lewinsky&#8220;<\/strong><\/em><\/span> <a href=\"https:\/\/thomasmoia.de\/wordpress\/live-bilder\/\" target=\"_blank\" rel=\"noreferrer noopener\">Galerie<\/a><\/p>\n\n\n\n<p class=\"has-background\" style=\"background-color:#ffffff00\">mit <em>Markus V\u00f6geler (g), Rolf Heckenberger (b), Steff Rittau (voc.), Bernd Gr\u00f6ters (g)<br \/><\/em><\/p>\n\n\n\n<hr class=\"wp-block-separator has-alpha-channel-opacity\"\/>\n\n\n\n<h2 class=\"wp-block-heading\">Meine musikalischen Vorbilder<\/h2>\n\n\n\n<p>Neben meinem Beruf als Schlagzeuglehrer bin ich nat\u00fcrlich auch ein begeisterter H\u00f6rer von Musik und gro\u00dfen Schlagzeugern im Besonderen geblieben. Hier kann und sollte auch jeder meiner Sch\u00fcler seinen eigenen Helden haben!<\/p>\n\n\n\n<p>Seitdem ich musikalisch denken kann, geh\u00f6rt <em>John Scofield<\/em> und somit nat\u00fcrlich jeder seiner au\u00dfergew\u00f6hnlichen Drummer zu meinen gr\u00f6\u00dften Inspiratoren. Wer sie noch nicht kennt: Omar Hakim, gleichsam Dennis Chambers, ferner Bill Stewart und Billy Martin oder Adam Deitch sind alle mal ein Ohr wert&#8230;<\/p>\n\n\n\n<p>Aber im selben Ma\u00dfe inspirierend waren und sind f\u00fcr mich die Werke von Mike<em> Stern, Pat Metheny, Miles Davis, Wayne Shorter, Donald Fagen &amp; Walter Becker von \u201eSteely Dan\u201c, James Brown <\/em>und<em> &#8222;Toto&#8220;.<\/em><\/p>\n\n\n\n<p>Danke f\u00fcr Eure gro\u00dfartige Musik!<\/p>\n\n\n\n<p><\/p>\n","protected":false},"excerpt":{"rendered":"<p>T\u00e4tigkeit als Schlagzeuglehrer Aktuell gr\u00fcndet sich meine Unterrichtserfahrung&nbsp;als Schlagzeuglehrer im Privat- und Musikschulunterricht auf etwa 25 Jahre. Hierzu geh\u00f6ren zum einen mein Privatunterricht in M\u00f6nchengladbach und zum anderen die Dozentenstellen an verschiedenen Musikschulen. Dazu geh\u00f6ren die Musikschule &nbsp;&#8222;Rhythm-Matters&#8220; in Krefeld, sowie die &#8222;Music-Academie&#8220; in Viersen\u201c, ebenso&nbsp;&#8222;MusicArt&#8220; in Meerbusch. In den letzten 10 Jahren habe ich &#8230; <a title=\"Schlagzeuglehrer &#038; Musiker\" class=\"read-more\" href=\"https:\/\/thomasmoia.de\/wordpress\/schlagzeuglehrer-musiker\/\" aria-label=\"Mehr Informationen \u00fcber Schlagzeuglehrer &#038; Musiker\">Weiterlesen<\/a><\/p>\n","protected":false},"author":2,"featured_media":0,"parent":0,"menu_order":2,"comment_status":"closed","ping_status":"closed","template":"","meta":{"footnotes":""},"class_list":["post-2","page","type-page","status-publish"],"yoast_head":"<!-- This site is optimized with the Yoast SEO plugin v27.5 - https:\/\/yoast.com\/product\/yoast-seo-wordpress\/ -->\n<title>Schlagzeuglehrer &amp; Musiker - Schlagzeugunterricht | Thomas Moia<\/title>\n<meta name=\"description\" content=\"Thomas Moia - Privater Schlagzeuglehrer in Viersen &amp; Online \u2714 Anf\u00e4nger &amp; Fortgeschrittene \u2714 Einzel- &amp; Gruppenunterricht\" \/>\n<meta name=\"robots\" content=\"index, follow, max-snippet:-1, max-image-preview:large, max-video-preview:-1\" \/>\n<link rel=\"canonical\" href=\"https:\/\/thomasmoia.de\/wordpress\/schlagzeuglehrer-musiker\/\" \/>\n<meta property=\"og:locale\" content=\"de_DE\" \/>\n<meta property=\"og:type\" content=\"article\" \/>\n<meta property=\"og:title\" content=\"Schlagzeuglehrer &amp; Musiker - Schlagzeugunterricht | Thomas Moia\" \/>\n<meta property=\"og:description\" content=\"Thomas Moia - Privater Schlagzeuglehrer in Viersen &amp; Online \u2714 Anf\u00e4nger &amp; Fortgeschrittene \u2714 Einzel- &amp; Gruppenunterricht\" \/>\n<meta property=\"og:url\" content=\"https:\/\/thomasmoia.de\/wordpress\/schlagzeuglehrer-musiker\/\" \/>\n<meta property=\"og:site_name\" content=\"Schlagzeugunterricht | Thomas Moia\" \/>\n<meta property=\"article:publisher\" content=\"https:\/\/www.facebook.com\/Schlagzeugunterricht-Thomas-Moia\" \/>\n<meta property=\"article:modified_time\" content=\"2026-04-07T15:19:24+00:00\" \/>\n<meta property=\"og:image\" content=\"https:\/\/thomasmoia.de\/wordpress\/wp-content\/uploads\/2018\/11\/DSC_7363.jpg\" \/>\n\t<meta property=\"og:image:width\" content=\"800\" \/>\n\t<meta property=\"og:image:height\" content=\"532\" \/>\n\t<meta property=\"og:image:type\" content=\"image\/jpeg\" \/>\n<meta name=\"twitter:card\" content=\"summary_large_image\" \/>\n<meta name=\"twitter:site\" content=\"@thomas_moia\" \/>\n<meta name=\"twitter:label1\" content=\"Gesch\u00e4tzte Lesezeit\" \/>\n\t<meta name=\"twitter:data1\" content=\"4\u00a0Minuten\" \/>\n<script type=\"application\/ld+json\" class=\"yoast-schema-graph\">{\"@context\":\"https:\\\/\\\/schema.org\",\"@graph\":[{\"@type\":\"WebPage\",\"@id\":\"https:\\\/\\\/thomasmoia.de\\\/wordpress\\\/schlagzeuglehrer-musiker\\\/\",\"url\":\"https:\\\/\\\/thomasmoia.de\\\/wordpress\\\/schlagzeuglehrer-musiker\\\/\",\"name\":\"Schlagzeuglehrer & Musiker - Schlagzeugunterricht | Thomas Moia\",\"isPartOf\":{\"@id\":\"https:\\\/\\\/thomasmoia.de\\\/wordpress\\\/#website\"},\"primaryImageOfPage\":{\"@id\":\"https:\\\/\\\/thomasmoia.de\\\/wordpress\\\/schlagzeuglehrer-musiker\\\/#primaryimage\"},\"image\":{\"@id\":\"https:\\\/\\\/thomasmoia.de\\\/wordpress\\\/schlagzeuglehrer-musiker\\\/#primaryimage\"},\"thumbnailUrl\":\"https:\\\/\\\/thomasmoia.de\\\/wordpress\\\/wp-content\\\/uploads\\\/2018\\\/11\\\/DSC_7363-150x150.jpg\",\"datePublished\":\"2014-05-08T08:19:41+00:00\",\"dateModified\":\"2026-04-07T15:19:24+00:00\",\"description\":\"Thomas Moia - Privater Schlagzeuglehrer in Viersen & Online \u2714 Anf\u00e4nger & Fortgeschrittene \u2714 Einzel- & Gruppenunterricht\",\"breadcrumb\":{\"@id\":\"https:\\\/\\\/thomasmoia.de\\\/wordpress\\\/schlagzeuglehrer-musiker\\\/#breadcrumb\"},\"inLanguage\":\"de\",\"potentialAction\":[{\"@type\":\"ReadAction\",\"target\":[\"https:\\\/\\\/thomasmoia.de\\\/wordpress\\\/schlagzeuglehrer-musiker\\\/\"]}]},{\"@type\":\"ImageObject\",\"inLanguage\":\"de\",\"@id\":\"https:\\\/\\\/thomasmoia.de\\\/wordpress\\\/schlagzeuglehrer-musiker\\\/#primaryimage\",\"url\":\"https:\\\/\\\/thomasmoia.de\\\/wordpress\\\/wp-content\\\/uploads\\\/2018\\\/11\\\/DSC_7363.jpg\",\"contentUrl\":\"https:\\\/\\\/thomasmoia.de\\\/wordpress\\\/wp-content\\\/uploads\\\/2018\\\/11\\\/DSC_7363.jpg\",\"width\":800,\"height\":532},{\"@type\":\"BreadcrumbList\",\"@id\":\"https:\\\/\\\/thomasmoia.de\\\/wordpress\\\/schlagzeuglehrer-musiker\\\/#breadcrumb\",\"itemListElement\":[{\"@type\":\"ListItem\",\"position\":1,\"name\":\"Startseite\",\"item\":\"https:\\\/\\\/thomasmoia.de\\\/wordpress\\\/\"},{\"@type\":\"ListItem\",\"position\":2,\"name\":\"Schlagzeuglehrer &#038; Musiker\"}]},{\"@type\":\"WebSite\",\"@id\":\"https:\\\/\\\/thomasmoia.de\\\/wordpress\\\/#website\",\"url\":\"https:\\\/\\\/thomasmoia.de\\\/wordpress\\\/\",\"name\":\"Schlagzeugunterricht | Thomas Moia\",\"description\":\"Schlagzeugunterricht in Viersen oder Online unter &quot;Trion+&quot;\",\"potentialAction\":[{\"@type\":\"SearchAction\",\"target\":{\"@type\":\"EntryPoint\",\"urlTemplate\":\"https:\\\/\\\/thomasmoia.de\\\/wordpress\\\/?s={search_term_string}\"},\"query-input\":{\"@type\":\"PropertyValueSpecification\",\"valueRequired\":true,\"valueName\":\"search_term_string\"}}],\"inLanguage\":\"de\"}]}<\/script>\n<!-- \/ Yoast SEO plugin. -->","yoast_head_json":{"title":"Schlagzeuglehrer & Musiker - Schlagzeugunterricht | Thomas Moia","description":"Thomas Moia - Privater Schlagzeuglehrer in Viersen & Online \u2714 Anf\u00e4nger & Fortgeschrittene \u2714 Einzel- & Gruppenunterricht","robots":{"index":"index","follow":"follow","max-snippet":"max-snippet:-1","max-image-preview":"max-image-preview:large","max-video-preview":"max-video-preview:-1"},"canonical":"https:\/\/thomasmoia.de\/wordpress\/schlagzeuglehrer-musiker\/","og_locale":"de_DE","og_type":"article","og_title":"Schlagzeuglehrer & Musiker - Schlagzeugunterricht | Thomas Moia","og_description":"Thomas Moia - Privater Schlagzeuglehrer in Viersen & Online \u2714 Anf\u00e4nger & Fortgeschrittene \u2714 Einzel- & Gruppenunterricht","og_url":"https:\/\/thomasmoia.de\/wordpress\/schlagzeuglehrer-musiker\/","og_site_name":"Schlagzeugunterricht | Thomas Moia","article_publisher":"https:\/\/www.facebook.com\/Schlagzeugunterricht-Thomas-Moia","article_modified_time":"2026-04-07T15:19:24+00:00","og_image":[{"width":800,"height":532,"url":"https:\/\/thomasmoia.de\/wordpress\/wp-content\/uploads\/2018\/11\/DSC_7363.jpg","type":"image\/jpeg"}],"twitter_card":"summary_large_image","twitter_site":"@thomas_moia","twitter_misc":{"Gesch\u00e4tzte Lesezeit":"4\u00a0Minuten"},"schema":{"@context":"https:\/\/schema.org","@graph":[{"@type":"WebPage","@id":"https:\/\/thomasmoia.de\/wordpress\/schlagzeuglehrer-musiker\/","url":"https:\/\/thomasmoia.de\/wordpress\/schlagzeuglehrer-musiker\/","name":"Schlagzeuglehrer & Musiker - Schlagzeugunterricht | Thomas Moia","isPartOf":{"@id":"https:\/\/thomasmoia.de\/wordpress\/#website"},"primaryImageOfPage":{"@id":"https:\/\/thomasmoia.de\/wordpress\/schlagzeuglehrer-musiker\/#primaryimage"},"image":{"@id":"https:\/\/thomasmoia.de\/wordpress\/schlagzeuglehrer-musiker\/#primaryimage"},"thumbnailUrl":"https:\/\/thomasmoia.de\/wordpress\/wp-content\/uploads\/2018\/11\/DSC_7363-150x150.jpg","datePublished":"2014-05-08T08:19:41+00:00","dateModified":"2026-04-07T15:19:24+00:00","description":"Thomas Moia - Privater Schlagzeuglehrer in Viersen & Online \u2714 Anf\u00e4nger & Fortgeschrittene \u2714 Einzel- & Gruppenunterricht","breadcrumb":{"@id":"https:\/\/thomasmoia.de\/wordpress\/schlagzeuglehrer-musiker\/#breadcrumb"},"inLanguage":"de","potentialAction":[{"@type":"ReadAction","target":["https:\/\/thomasmoia.de\/wordpress\/schlagzeuglehrer-musiker\/"]}]},{"@type":"ImageObject","inLanguage":"de","@id":"https:\/\/thomasmoia.de\/wordpress\/schlagzeuglehrer-musiker\/#primaryimage","url":"https:\/\/thomasmoia.de\/wordpress\/wp-content\/uploads\/2018\/11\/DSC_7363.jpg","contentUrl":"https:\/\/thomasmoia.de\/wordpress\/wp-content\/uploads\/2018\/11\/DSC_7363.jpg","width":800,"height":532},{"@type":"BreadcrumbList","@id":"https:\/\/thomasmoia.de\/wordpress\/schlagzeuglehrer-musiker\/#breadcrumb","itemListElement":[{"@type":"ListItem","position":1,"name":"Startseite","item":"https:\/\/thomasmoia.de\/wordpress\/"},{"@type":"ListItem","position":2,"name":"Schlagzeuglehrer &#038; Musiker"}]},{"@type":"WebSite","@id":"https:\/\/thomasmoia.de\/wordpress\/#website","url":"https:\/\/thomasmoia.de\/wordpress\/","name":"Schlagzeugunterricht | Thomas Moia","description":"Schlagzeugunterricht in Viersen oder Online unter &quot;Trion+&quot;","potentialAction":[{"@type":"SearchAction","target":{"@type":"EntryPoint","urlTemplate":"https:\/\/thomasmoia.de\/wordpress\/?s={search_term_string}"},"query-input":{"@type":"PropertyValueSpecification","valueRequired":true,"valueName":"search_term_string"}}],"inLanguage":"de"}]}},"_links":{"self":[{"href":"https:\/\/thomasmoia.de\/wordpress\/wp-json\/wp\/v2\/pages\/2","targetHints":{"allow":["GET"]}}],"collection":[{"href":"https:\/\/thomasmoia.de\/wordpress\/wp-json\/wp\/v2\/pages"}],"about":[{"href":"https:\/\/thomasmoia.de\/wordpress\/wp-json\/wp\/v2\/types\/page"}],"author":[{"embeddable":true,"href":"https:\/\/thomasmoia.de\/wordpress\/wp-json\/wp\/v2\/users\/2"}],"replies":[{"embeddable":true,"href":"https:\/\/thomasmoia.de\/wordpress\/wp-json\/wp\/v2\/comments?post=2"}],"version-history":[{"count":145,"href":"https:\/\/thomasmoia.de\/wordpress\/wp-json\/wp\/v2\/pages\/2\/revisions"}],"predecessor-version":[{"id":2167,"href":"https:\/\/thomasmoia.de\/wordpress\/wp-json\/wp\/v2\/pages\/2\/revisions\/2167"}],"wp:attachment":[{"href":"https:\/\/thomasmoia.de\/wordpress\/wp-json\/wp\/v2\/media?parent=2"}],"curies":[{"name":"wp","href":"https:\/\/api.w.org\/{rel}","templated":true}]}}