{"id":2050,"date":"2025-03-11T13:44:26","date_gmt":"2025-03-11T11:44:26","guid":{"rendered":"https:\/\/thomasmoia.de\/wordpress\/?page_id=2050"},"modified":"2025-03-31T00:51:50","modified_gmt":"2025-03-30T22:51:50","slug":"schuelerpraesentationen","status":"publish","type":"page","link":"https:\/\/thomasmoia.de\/wordpress\/schuelerpraesentationen\/","title":{"rendered":"Sch\u00fclerpr\u00e4sentationen"},"content":{"rendered":"\n<p>Auf dieser Seite findet Ihr kurze Video-Beitr\u00e4ge zu Ergebnissen, welche Sch\u00fcler im Laufe Ihres Unterrichtes bei mir erarbeitet haben. Es handelt sich hierbei um Drum-Soli oder -Duette und Drumcover von bekannten St\u00fccken aus dem Rock- und Pop-Bereich. Die Duette werden zum gro\u00dfen Teil von mir begleitet, es gibt aber auch Duette in Sch\u00fcler-begleitet-Sch\u00fcler-Version. Die Links in den \u00dcberschriften der Videos verweisen auf das entsprechend verwendetes Unterrichtsmaterial und k\u00f6nnen dort auch k\u00e4uflich erworben werden.<\/p>\n\n\n\n<h3 class=\"wp-block-heading\">1. Drum-Duett aus <a href=\"https:\/\/www.codamusic.de\/rapidcartpro\/index.php?product\/page\/3445\/TALKING+STICKS+%3Cbr+%2F%3E+Band+1\">&#8222;Talking Sticks &#8211; <\/a><a href=\"https:\/\/www.codamusic.de\/rapidcartpro\/index.php?product\/page\/3445\/TALKING+STICKS+%3Cbr+%2F%3E+Band+1\" target=\"_blank\" rel=\"noreferrer noopener\">Vol.1<\/a><a href=\"https:\/\/www.codamusic.de\/rapidcartpro\/index.php?product\/page\/3445\/TALKING+STICKS+%3Cbr+%2F%3E+Band+1\">&#8222;<\/a> von Matthias Krohn<\/h3>\n\n\n\n<figure class=\"wp-block-video\"><video height=\"1080\" style=\"aspect-ratio: 1920 \/ 1080;\" width=\"1920\" controls poster=\"https:\/\/thomasmoia.de\/wordpress\/wp-content\/uploads\/2025\/03\/IanJohn_Younnes_2_obscure-f000000.png\" src=\"https:\/\/thomasmoia.de\/wordpress\/wp-content\/uploads\/2025\/03\/IanJohn_Younnes_2_obscure.mp4\"><\/video><\/figure>\n\n\n\n<h3 class=\"wp-block-heading\">2. Drum-Duett aus <a href=\"https:\/\/www.codamusic.de\/rapidcartpro\/index.php?product\/page\/3445\/TALKING+STICKS+%3Cbr+%2F%3E+Band+1\">&#8222;Talking Sticks &#8211; <\/a><a href=\"https:\/\/www.codamusic.de\/rapidcartpro\/index.php?product\/page\/3445\/TALKING+STICKS+%3Cbr+%2F%3E+Band+1\" target=\"_blank\" rel=\"noreferrer noopener\">Vol.1<\/a><a href=\"https:\/\/www.codamusic.de\/rapidcartpro\/index.php?product\/page\/3445\/TALKING+STICKS+%3Cbr+%2F%3E+Band+1\">&#8222;<\/a> von Matthias Krohn<\/h3>\n\n\n\n<figure class=\"wp-block-video\"><video height=\"1080\" style=\"aspect-ratio: 1920 \/ 1080;\" width=\"1920\" controls poster=\"https:\/\/thomasmoia.de\/wordpress\/wp-content\/uploads\/2025\/03\/Leonie-Nico_obscure-f000000.png\" src=\"https:\/\/thomasmoia.de\/wordpress\/wp-content\/uploads\/2025\/03\/Leonie-Nico.mp4\"><\/video><\/figure>\n\n\n\n<h3 class=\"wp-block-heading\">3. Drum-Duett aus <a href=\"https:\/\/www.codamusic.de\/rapidcartpro\/index.php?product\/page\/3445\/TALKING+STICKS+%3Cbr+%2F%3E+Band+1\">&#8222;Talking Sticks &#8211; <\/a><a href=\"https:\/\/www.codamusic.de\/rapidcartpro\/index.php?product\/page\/3445\/TALKING+STICKS+%3Cbr+%2F%3E+Band+1\" target=\"_blank\" rel=\"noreferrer noopener\">Vol.1<\/a><a href=\"https:\/\/www.codamusic.de\/rapidcartpro\/index.php?product\/page\/3445\/TALKING+STICKS+%3Cbr+%2F%3E+Band+1\">&#8222;<\/a> von Matthias Krohn<\/h3>\n\n\n\n<figure class=\"wp-block-video\"><video height=\"1080\" style=\"aspect-ratio: 1920 \/ 1080;\" width=\"1920\" controls poster=\"https:\/\/thomasmoia.de\/wordpress\/wp-content\/uploads\/2025\/03\/Cosima_obscure-f000000.png\" src=\"https:\/\/thomasmoia.de\/wordpress\/wp-content\/uploads\/2025\/03\/Cosima_obscure.mp4\"><\/video><\/figure>\n\n\n\n<h3 class=\"wp-block-heading\">4. Cajon-Duett aus <a href=\"https:\/\/cajon.si\/de\/jaka-strajnar-the-cajon-world\/\" target=\"_blank\" rel=\"noreferrer noopener\">&#8222;The Cajon World&#8220;<\/a> von Jaka Strajnar<\/h3>\n\n\n\n<figure class=\"wp-block-video\"><video height=\"1080\" style=\"aspect-ratio: 1920 \/ 1080;\" width=\"1920\" controls poster=\"https:\/\/thomasmoia.de\/wordpress\/wp-content\/uploads\/2025\/03\/Jolien_obscure-f000000.png\" src=\"https:\/\/thomasmoia.de\/wordpress\/wp-content\/uploads\/2025\/03\/Jolien_obscure.mp4\"><\/video><\/figure>\n","protected":false},"excerpt":{"rendered":"<p>Auf dieser Seite findet Ihr kurze Video-Beitr\u00e4ge zu Ergebnissen, welche Sch\u00fcler im Laufe Ihres Unterrichtes bei mir erarbeitet haben. Es handelt sich hierbei um Drum-Soli oder -Duette und Drumcover von bekannten St\u00fccken aus dem Rock- und Pop-Bereich. Die Duette werden zum gro\u00dfen Teil von mir begleitet, es gibt aber auch Duette in Sch\u00fcler-begleitet-Sch\u00fcler-Version. Die Links &#8230; <a title=\"Sch\u00fclerpr\u00e4sentationen\" class=\"read-more\" href=\"https:\/\/thomasmoia.de\/wordpress\/schuelerpraesentationen\/\" aria-label=\"Mehr Informationen \u00fcber Sch\u00fclerpr\u00e4sentationen\">Weiterlesen<\/a><\/p>\n","protected":false},"author":2,"featured_media":0,"parent":0,"menu_order":0,"comment_status":"closed","ping_status":"closed","template":"","meta":{"footnotes":""},"class_list":["post-2050","page","type-page","status-publish"],"yoast_head":"<!-- This site is optimized with the Yoast SEO plugin v27.4 - https:\/\/yoast.com\/product\/yoast-seo-wordpress\/ -->\n<title>Sch\u00fclerpr\u00e4sentationen - Schlagzeugunterricht | Thomas Moia<\/title>\n<meta name=\"robots\" content=\"index, follow, max-snippet:-1, max-image-preview:large, max-video-preview:-1\" \/>\n<link rel=\"canonical\" href=\"https:\/\/thomasmoia.de\/wordpress\/schuelerpraesentationen\/\" \/>\n<meta property=\"og:locale\" content=\"de_DE\" \/>\n<meta property=\"og:type\" content=\"article\" \/>\n<meta property=\"og:title\" content=\"Sch\u00fclerpr\u00e4sentationen - Schlagzeugunterricht | Thomas Moia\" \/>\n<meta property=\"og:description\" content=\"Auf dieser Seite findet Ihr kurze Video-Beitr\u00e4ge zu Ergebnissen, welche Sch\u00fcler im Laufe Ihres Unterrichtes bei mir erarbeitet haben. Es handelt sich hierbei um Drum-Soli oder -Duette und Drumcover von bekannten St\u00fccken aus dem Rock- und Pop-Bereich. Die Duette werden zum gro\u00dfen Teil von mir begleitet, es gibt aber auch Duette in Sch\u00fcler-begleitet-Sch\u00fcler-Version. Die Links ... Weiterlesen\" \/>\n<meta property=\"og:url\" content=\"https:\/\/thomasmoia.de\/wordpress\/schuelerpraesentationen\/\" \/>\n<meta property=\"og:site_name\" content=\"Schlagzeugunterricht | Thomas Moia\" \/>\n<meta property=\"article:publisher\" content=\"https:\/\/www.facebook.com\/Schlagzeugunterricht-Thomas-Moia\" \/>\n<meta property=\"article:modified_time\" content=\"2025-03-30T22:51:50+00:00\" \/>\n<meta name=\"twitter:card\" content=\"summary_large_image\" \/>\n<meta name=\"twitter:site\" content=\"@thomas_moia\" \/>\n<meta name=\"twitter:label1\" content=\"Gesch\u00e4tzte Lesezeit\" \/>\n\t<meta name=\"twitter:data1\" content=\"1\u00a0Minute\" \/>\n<script type=\"application\/ld+json\" class=\"yoast-schema-graph\">{\"@context\":\"https:\\\/\\\/schema.org\",\"@graph\":[{\"@type\":\"WebPage\",\"@id\":\"https:\\\/\\\/thomasmoia.de\\\/wordpress\\\/schuelerpraesentationen\\\/\",\"url\":\"https:\\\/\\\/thomasmoia.de\\\/wordpress\\\/schuelerpraesentationen\\\/\",\"name\":\"Sch\u00fclerpr\u00e4sentationen - Schlagzeugunterricht | Thomas Moia\",\"isPartOf\":{\"@id\":\"https:\\\/\\\/thomasmoia.de\\\/wordpress\\\/#website\"},\"datePublished\":\"2025-03-11T11:44:26+00:00\",\"dateModified\":\"2025-03-30T22:51:50+00:00\",\"breadcrumb\":{\"@id\":\"https:\\\/\\\/thomasmoia.de\\\/wordpress\\\/schuelerpraesentationen\\\/#breadcrumb\"},\"inLanguage\":\"de\",\"potentialAction\":[{\"@type\":\"ReadAction\",\"target\":[\"https:\\\/\\\/thomasmoia.de\\\/wordpress\\\/schuelerpraesentationen\\\/\"]}]},{\"@type\":\"BreadcrumbList\",\"@id\":\"https:\\\/\\\/thomasmoia.de\\\/wordpress\\\/schuelerpraesentationen\\\/#breadcrumb\",\"itemListElement\":[{\"@type\":\"ListItem\",\"position\":1,\"name\":\"Startseite\",\"item\":\"https:\\\/\\\/thomasmoia.de\\\/wordpress\\\/\"},{\"@type\":\"ListItem\",\"position\":2,\"name\":\"Sch\u00fclerpr\u00e4sentationen\"}]},{\"@type\":\"WebSite\",\"@id\":\"https:\\\/\\\/thomasmoia.de\\\/wordpress\\\/#website\",\"url\":\"https:\\\/\\\/thomasmoia.de\\\/wordpress\\\/\",\"name\":\"Schlagzeugunterricht | Thomas Moia\",\"description\":\"Schlagzeugunterricht in Viersen oder Online unter &quot;Trion+&quot;\",\"potentialAction\":[{\"@type\":\"SearchAction\",\"target\":{\"@type\":\"EntryPoint\",\"urlTemplate\":\"https:\\\/\\\/thomasmoia.de\\\/wordpress\\\/?s={search_term_string}\"},\"query-input\":{\"@type\":\"PropertyValueSpecification\",\"valueRequired\":true,\"valueName\":\"search_term_string\"}}],\"inLanguage\":\"de\"}]}<\/script>\n<!-- \/ Yoast SEO plugin. -->","yoast_head_json":{"title":"Sch\u00fclerpr\u00e4sentationen - Schlagzeugunterricht | Thomas Moia","robots":{"index":"index","follow":"follow","max-snippet":"max-snippet:-1","max-image-preview":"max-image-preview:large","max-video-preview":"max-video-preview:-1"},"canonical":"https:\/\/thomasmoia.de\/wordpress\/schuelerpraesentationen\/","og_locale":"de_DE","og_type":"article","og_title":"Sch\u00fclerpr\u00e4sentationen - Schlagzeugunterricht | Thomas Moia","og_description":"Auf dieser Seite findet Ihr kurze Video-Beitr\u00e4ge zu Ergebnissen, welche Sch\u00fcler im Laufe Ihres Unterrichtes bei mir erarbeitet haben. Es handelt sich hierbei um Drum-Soli oder -Duette und Drumcover von bekannten St\u00fccken aus dem Rock- und Pop-Bereich. Die Duette werden zum gro\u00dfen Teil von mir begleitet, es gibt aber auch Duette in Sch\u00fcler-begleitet-Sch\u00fcler-Version. Die Links ... Weiterlesen","og_url":"https:\/\/thomasmoia.de\/wordpress\/schuelerpraesentationen\/","og_site_name":"Schlagzeugunterricht | Thomas Moia","article_publisher":"https:\/\/www.facebook.com\/Schlagzeugunterricht-Thomas-Moia","article_modified_time":"2025-03-30T22:51:50+00:00","twitter_card":"summary_large_image","twitter_site":"@thomas_moia","twitter_misc":{"Gesch\u00e4tzte Lesezeit":"1\u00a0Minute"},"schema":{"@context":"https:\/\/schema.org","@graph":[{"@type":"WebPage","@id":"https:\/\/thomasmoia.de\/wordpress\/schuelerpraesentationen\/","url":"https:\/\/thomasmoia.de\/wordpress\/schuelerpraesentationen\/","name":"Sch\u00fclerpr\u00e4sentationen - Schlagzeugunterricht | Thomas Moia","isPartOf":{"@id":"https:\/\/thomasmoia.de\/wordpress\/#website"},"datePublished":"2025-03-11T11:44:26+00:00","dateModified":"2025-03-30T22:51:50+00:00","breadcrumb":{"@id":"https:\/\/thomasmoia.de\/wordpress\/schuelerpraesentationen\/#breadcrumb"},"inLanguage":"de","potentialAction":[{"@type":"ReadAction","target":["https:\/\/thomasmoia.de\/wordpress\/schuelerpraesentationen\/"]}]},{"@type":"BreadcrumbList","@id":"https:\/\/thomasmoia.de\/wordpress\/schuelerpraesentationen\/#breadcrumb","itemListElement":[{"@type":"ListItem","position":1,"name":"Startseite","item":"https:\/\/thomasmoia.de\/wordpress\/"},{"@type":"ListItem","position":2,"name":"Sch\u00fclerpr\u00e4sentationen"}]},{"@type":"WebSite","@id":"https:\/\/thomasmoia.de\/wordpress\/#website","url":"https:\/\/thomasmoia.de\/wordpress\/","name":"Schlagzeugunterricht | Thomas Moia","description":"Schlagzeugunterricht in Viersen oder Online unter &quot;Trion+&quot;","potentialAction":[{"@type":"SearchAction","target":{"@type":"EntryPoint","urlTemplate":"https:\/\/thomasmoia.de\/wordpress\/?s={search_term_string}"},"query-input":{"@type":"PropertyValueSpecification","valueRequired":true,"valueName":"search_term_string"}}],"inLanguage":"de"}]}},"_links":{"self":[{"href":"https:\/\/thomasmoia.de\/wordpress\/wp-json\/wp\/v2\/pages\/2050","targetHints":{"allow":["GET"]}}],"collection":[{"href":"https:\/\/thomasmoia.de\/wordpress\/wp-json\/wp\/v2\/pages"}],"about":[{"href":"https:\/\/thomasmoia.de\/wordpress\/wp-json\/wp\/v2\/types\/page"}],"author":[{"embeddable":true,"href":"https:\/\/thomasmoia.de\/wordpress\/wp-json\/wp\/v2\/users\/2"}],"replies":[{"embeddable":true,"href":"https:\/\/thomasmoia.de\/wordpress\/wp-json\/wp\/v2\/comments?post=2050"}],"version-history":[{"count":11,"href":"https:\/\/thomasmoia.de\/wordpress\/wp-json\/wp\/v2\/pages\/2050\/revisions"}],"predecessor-version":[{"id":2134,"href":"https:\/\/thomasmoia.de\/wordpress\/wp-json\/wp\/v2\/pages\/2050\/revisions\/2134"}],"wp:attachment":[{"href":"https:\/\/thomasmoia.de\/wordpress\/wp-json\/wp\/v2\/media?parent=2050"}],"curies":[{"name":"wp","href":"https:\/\/api.w.org\/{rel}","templated":true}]}}