{"id":2057,"date":"2025-03-11T13:57:01","date_gmt":"2025-03-11T11:57:01","guid":{"rendered":"https:\/\/thomasmoia.de\/wordpress\/?page_id=2057"},"modified":"2025-03-18T13:42:06","modified_gmt":"2025-03-18T11:42:06","slug":"online-unterrichtsmaterial","status":"publish","type":"page","link":"https:\/\/thomasmoia.de\/wordpress\/online-unterrichtsmaterial\/","title":{"rendered":"Online-Unterrichtsmaterial"},"content":{"rendered":"\n<p>Im Weiteren findet Ihr auf dieser Seite kleine Theorie- und Verst\u00e4ndnis-Aufgaben, zu Eurem Unterricht bei mir. Ihr k\u00f6nnt und sollt die Aufgaben ruhig mehrfach l\u00f6sen um die abgefragten Inhalte wirklich pr\u00e4sent zu haben. Auch hier gilt: \u00dcbung macht den Meister!<\/p>\n\n\n\n<h2 class=\"wp-block-heading\">Abschnitt 1: Das Notensystem f\u00fcr das Schlagzeug<\/h2>\n\n\n\n<div class=\"wp-block-group has-base-background-color has-background\"><div class=\"wp-block-group__inner-container is-layout-constrained wp-block-group-is-layout-constrained\">\n<h3 class=\"wp-block-heading\">Das allgemeine Notensystem<\/h3>\n\n\n\n<p>Schau Dir zun\u00e4chst den kurzen Abschnitt mit Erl\u00e4uterungen zum allgemeinen Notensystem an und pr\u00e4ge Dir die wichtigsten Begriffe und Zusammenh\u00e4nge ein. Im Anschluss solltest Du dann den folgenden Fragenblock bearbeiten k\u00f6nnen.<\/p>\n\n\n\n<p><code><div class=\"h5p-iframe-wrapper\"><iframe id=\"h5p-iframe-4\" class=\"h5p-iframe\" data-content-id=\"4\" style=\"height:1px\" src=\"about:blank\" frameBorder=\"0\" scrolling=\"no\" title=\"Das allgemeine Notensystem\"><\/iframe><\/div><\/code><br \/><\/p>\n<\/div><\/div>\n\n\n\n<div class=\"wp-block-group has-base-background-color has-background\"><div class=\"wp-block-group__inner-container is-layout-constrained wp-block-group-is-layout-constrained\">\n<h3 class=\"wp-block-heading\">a) Fragen zum Notensystem<\/h3>\n\n\n\n<p>Als erstes kannst Du einige allgemeine Fragen zum Notensystem beantworten. Wenn Du Dir nicht sicher bist schau noch einmal in Dein Unterrichtsmaterial. Dort wirst Du die entsprechende Antwort bestimmt finden.<\/p>\n\n\n\n<p><code><div class=\"h5p-iframe-wrapper\"><iframe id=\"h5p-iframe-2\" class=\"h5p-iframe\" data-content-id=\"2\" style=\"height:1px\" src=\"about:blank\" frameBorder=\"0\" scrolling=\"no\" title=\"Fragen &quot;Das Notensystem&quot;\"><\/iframe><\/div><\/code><br \/><\/p>\n<\/div><\/div>\n\n\n\n<div class=\"wp-block-group has-base-background-color has-background\"><div class=\"wp-block-group__inner-container is-layout-constrained wp-block-group-is-layout-constrained\">\n<h3 class=\"wp-block-heading\">b) Ordne die Instrumente den Noten zu<\/h3>\n\n\n\n<p>Ziehe die Namen der einzelnen Instrumente unter die entsprechenden Noten im System und \u00fcberpr\u00fcfe am Ende mit dem entsprechenden Button Deine Auswahl.<\/p>\n\n\n\n<p><code><div class=\"h5p-iframe-wrapper\"><iframe id=\"h5p-iframe-1\" class=\"h5p-iframe\" data-content-id=\"1\" style=\"height:1px\" src=\"about:blank\" frameBorder=\"0\" scrolling=\"no\" title=\"Instrumente zuordnen\"><\/iframe><\/div><\/code><br \/><\/p>\n<\/div><\/div>\n","protected":false},"excerpt":{"rendered":"<p>Im Weiteren findet Ihr auf dieser Seite kleine Theorie- und Verst\u00e4ndnis-Aufgaben, zu Eurem Unterricht bei mir. Ihr k\u00f6nnt und sollt die Aufgaben ruhig mehrfach l\u00f6sen um die abgefragten Inhalte wirklich pr\u00e4sent zu haben. Auch hier gilt: \u00dcbung macht den Meister! Abschnitt 1: Das Notensystem f\u00fcr das Schlagzeug Das allgemeine Notensystem Schau Dir zun\u00e4chst den kurzen &#8230; <a title=\"Online-Unterrichtsmaterial\" class=\"read-more\" href=\"https:\/\/thomasmoia.de\/wordpress\/online-unterrichtsmaterial\/\" aria-label=\"Mehr Informationen \u00fcber Online-Unterrichtsmaterial\">Weiterlesen<\/a><\/p>\n","protected":false},"author":2,"featured_media":0,"parent":0,"menu_order":0,"comment_status":"closed","ping_status":"closed","template":"","meta":{"footnotes":""},"class_list":["post-2057","page","type-page","status-publish"],"yoast_head":"<!-- This site is optimized with the Yoast SEO plugin v27.5 - https:\/\/yoast.com\/product\/yoast-seo-wordpress\/ -->\n<title>Online-Unterrichtsmaterial - Schlagzeugunterricht | Thomas Moia<\/title>\n<meta name=\"robots\" content=\"index, follow, max-snippet:-1, max-image-preview:large, max-video-preview:-1\" \/>\n<link rel=\"canonical\" href=\"https:\/\/thomasmoia.de\/wordpress\/online-unterrichtsmaterial\/\" \/>\n<meta property=\"og:locale\" content=\"de_DE\" \/>\n<meta property=\"og:type\" content=\"article\" \/>\n<meta property=\"og:title\" content=\"Online-Unterrichtsmaterial - Schlagzeugunterricht | Thomas Moia\" \/>\n<meta property=\"og:description\" content=\"Im Weiteren findet Ihr auf dieser Seite kleine Theorie- und Verst\u00e4ndnis-Aufgaben, zu Eurem Unterricht bei mir. Ihr k\u00f6nnt und sollt die Aufgaben ruhig mehrfach l\u00f6sen um die abgefragten Inhalte wirklich pr\u00e4sent zu haben. Auch hier gilt: \u00dcbung macht den Meister! Abschnitt 1: Das Notensystem f\u00fcr das Schlagzeug Das allgemeine Notensystem Schau Dir zun\u00e4chst den kurzen ... Weiterlesen\" \/>\n<meta property=\"og:url\" content=\"https:\/\/thomasmoia.de\/wordpress\/online-unterrichtsmaterial\/\" \/>\n<meta property=\"og:site_name\" content=\"Schlagzeugunterricht | Thomas Moia\" \/>\n<meta property=\"article:publisher\" content=\"https:\/\/www.facebook.com\/Schlagzeugunterricht-Thomas-Moia\" \/>\n<meta property=\"article:modified_time\" content=\"2025-03-18T11:42:06+00:00\" \/>\n<meta name=\"twitter:card\" content=\"summary_large_image\" \/>\n<meta name=\"twitter:site\" content=\"@thomas_moia\" \/>\n<meta name=\"twitter:label1\" content=\"Gesch\u00e4tzte Lesezeit\" \/>\n\t<meta name=\"twitter:data1\" content=\"1\u00a0Minute\" \/>\n<script type=\"application\/ld+json\" class=\"yoast-schema-graph\">{\"@context\":\"https:\\\/\\\/schema.org\",\"@graph\":[{\"@type\":\"WebPage\",\"@id\":\"https:\\\/\\\/thomasmoia.de\\\/wordpress\\\/online-unterrichtsmaterial\\\/\",\"url\":\"https:\\\/\\\/thomasmoia.de\\\/wordpress\\\/online-unterrichtsmaterial\\\/\",\"name\":\"Online-Unterrichtsmaterial - Schlagzeugunterricht | Thomas Moia\",\"isPartOf\":{\"@id\":\"https:\\\/\\\/thomasmoia.de\\\/wordpress\\\/#website\"},\"datePublished\":\"2025-03-11T11:57:01+00:00\",\"dateModified\":\"2025-03-18T11:42:06+00:00\",\"breadcrumb\":{\"@id\":\"https:\\\/\\\/thomasmoia.de\\\/wordpress\\\/online-unterrichtsmaterial\\\/#breadcrumb\"},\"inLanguage\":\"de\",\"potentialAction\":[{\"@type\":\"ReadAction\",\"target\":[\"https:\\\/\\\/thomasmoia.de\\\/wordpress\\\/online-unterrichtsmaterial\\\/\"]}]},{\"@type\":\"BreadcrumbList\",\"@id\":\"https:\\\/\\\/thomasmoia.de\\\/wordpress\\\/online-unterrichtsmaterial\\\/#breadcrumb\",\"itemListElement\":[{\"@type\":\"ListItem\",\"position\":1,\"name\":\"Startseite\",\"item\":\"https:\\\/\\\/thomasmoia.de\\\/wordpress\\\/\"},{\"@type\":\"ListItem\",\"position\":2,\"name\":\"Online-Unterrichtsmaterial\"}]},{\"@type\":\"WebSite\",\"@id\":\"https:\\\/\\\/thomasmoia.de\\\/wordpress\\\/#website\",\"url\":\"https:\\\/\\\/thomasmoia.de\\\/wordpress\\\/\",\"name\":\"Schlagzeugunterricht | Thomas Moia\",\"description\":\"Schlagzeugunterricht in Viersen oder Online unter &quot;Trion+&quot;\",\"potentialAction\":[{\"@type\":\"SearchAction\",\"target\":{\"@type\":\"EntryPoint\",\"urlTemplate\":\"https:\\\/\\\/thomasmoia.de\\\/wordpress\\\/?s={search_term_string}\"},\"query-input\":{\"@type\":\"PropertyValueSpecification\",\"valueRequired\":true,\"valueName\":\"search_term_string\"}}],\"inLanguage\":\"de\"}]}<\/script>\n<!-- \/ Yoast SEO plugin. -->","yoast_head_json":{"title":"Online-Unterrichtsmaterial - Schlagzeugunterricht | Thomas Moia","robots":{"index":"index","follow":"follow","max-snippet":"max-snippet:-1","max-image-preview":"max-image-preview:large","max-video-preview":"max-video-preview:-1"},"canonical":"https:\/\/thomasmoia.de\/wordpress\/online-unterrichtsmaterial\/","og_locale":"de_DE","og_type":"article","og_title":"Online-Unterrichtsmaterial - Schlagzeugunterricht | Thomas Moia","og_description":"Im Weiteren findet Ihr auf dieser Seite kleine Theorie- und Verst\u00e4ndnis-Aufgaben, zu Eurem Unterricht bei mir. Ihr k\u00f6nnt und sollt die Aufgaben ruhig mehrfach l\u00f6sen um die abgefragten Inhalte wirklich pr\u00e4sent zu haben. Auch hier gilt: \u00dcbung macht den Meister! Abschnitt 1: Das Notensystem f\u00fcr das Schlagzeug Das allgemeine Notensystem Schau Dir zun\u00e4chst den kurzen ... Weiterlesen","og_url":"https:\/\/thomasmoia.de\/wordpress\/online-unterrichtsmaterial\/","og_site_name":"Schlagzeugunterricht | Thomas Moia","article_publisher":"https:\/\/www.facebook.com\/Schlagzeugunterricht-Thomas-Moia","article_modified_time":"2025-03-18T11:42:06+00:00","twitter_card":"summary_large_image","twitter_site":"@thomas_moia","twitter_misc":{"Gesch\u00e4tzte Lesezeit":"1\u00a0Minute"},"schema":{"@context":"https:\/\/schema.org","@graph":[{"@type":"WebPage","@id":"https:\/\/thomasmoia.de\/wordpress\/online-unterrichtsmaterial\/","url":"https:\/\/thomasmoia.de\/wordpress\/online-unterrichtsmaterial\/","name":"Online-Unterrichtsmaterial - Schlagzeugunterricht | Thomas Moia","isPartOf":{"@id":"https:\/\/thomasmoia.de\/wordpress\/#website"},"datePublished":"2025-03-11T11:57:01+00:00","dateModified":"2025-03-18T11:42:06+00:00","breadcrumb":{"@id":"https:\/\/thomasmoia.de\/wordpress\/online-unterrichtsmaterial\/#breadcrumb"},"inLanguage":"de","potentialAction":[{"@type":"ReadAction","target":["https:\/\/thomasmoia.de\/wordpress\/online-unterrichtsmaterial\/"]}]},{"@type":"BreadcrumbList","@id":"https:\/\/thomasmoia.de\/wordpress\/online-unterrichtsmaterial\/#breadcrumb","itemListElement":[{"@type":"ListItem","position":1,"name":"Startseite","item":"https:\/\/thomasmoia.de\/wordpress\/"},{"@type":"ListItem","position":2,"name":"Online-Unterrichtsmaterial"}]},{"@type":"WebSite","@id":"https:\/\/thomasmoia.de\/wordpress\/#website","url":"https:\/\/thomasmoia.de\/wordpress\/","name":"Schlagzeugunterricht | Thomas Moia","description":"Schlagzeugunterricht in Viersen oder Online unter &quot;Trion+&quot;","potentialAction":[{"@type":"SearchAction","target":{"@type":"EntryPoint","urlTemplate":"https:\/\/thomasmoia.de\/wordpress\/?s={search_term_string}"},"query-input":{"@type":"PropertyValueSpecification","valueRequired":true,"valueName":"search_term_string"}}],"inLanguage":"de"}]}},"_links":{"self":[{"href":"https:\/\/thomasmoia.de\/wordpress\/wp-json\/wp\/v2\/pages\/2057","targetHints":{"allow":["GET"]}}],"collection":[{"href":"https:\/\/thomasmoia.de\/wordpress\/wp-json\/wp\/v2\/pages"}],"about":[{"href":"https:\/\/thomasmoia.de\/wordpress\/wp-json\/wp\/v2\/types\/page"}],"author":[{"embeddable":true,"href":"https:\/\/thomasmoia.de\/wordpress\/wp-json\/wp\/v2\/users\/2"}],"replies":[{"embeddable":true,"href":"https:\/\/thomasmoia.de\/wordpress\/wp-json\/wp\/v2\/comments?post=2057"}],"version-history":[{"count":12,"href":"https:\/\/thomasmoia.de\/wordpress\/wp-json\/wp\/v2\/pages\/2057\/revisions"}],"predecessor-version":[{"id":2080,"href":"https:\/\/thomasmoia.de\/wordpress\/wp-json\/wp\/v2\/pages\/2057\/revisions\/2080"}],"wp:attachment":[{"href":"https:\/\/thomasmoia.de\/wordpress\/wp-json\/wp\/v2\/media?parent=2057"}],"curies":[{"name":"wp","href":"https:\/\/api.w.org\/{rel}","templated":true}]}}