{"id":417,"date":"2014-09-08T13:03:22","date_gmt":"2014-09-08T11:03:22","guid":{"rendered":"http:\/\/tomo.bplaced.net\/wordpress\/?page_id=417"},"modified":"2026-04-07T17:22:16","modified_gmt":"2026-04-07T15:22:16","slug":"schlagzeugunterricht-kurse-und-preise","status":"publish","type":"page","link":"https:\/\/thomasmoia.de\/wordpress\/schlagzeugunterricht-kurse-und-preise\/","title":{"rendered":"Kurse &#038; Preise"},"content":{"rendered":"<div class=\"wp-block-image\">\n<figure class=\"alignleft\"><img loading=\"lazy\" decoding=\"async\" width=\"150\" height=\"150\" src=\"https:\/\/thomasmoia.de\/wordpress\/wp-content\/uploads\/2018\/11\/DSC_7645-150x150.jpg\" alt=\"Kurse Schlagzeugunterricht Thomas Moia\" class=\"wp-image-693\"\/><\/figure>\n<\/div>\n\n\n<p>Im Folgenden findet Ihr alle von mir angebotenen Kurse &amp; Preise meines Unterrichtes. So k\u00f6nnt Ihr bei mir f\u00fcr Euren Schlagzeugunterricht zwischen verschiedenen Kursen bzw. Unterrichtsmodelle w\u00e4hlen. <strong>3er- und 2er-Gruppen sowie Einzelunterricht<\/strong> sind grunds\u00e4tzlich m\u00f6glich. Kurse auf der <a href=\"https:\/\/de.wikipedia.org\/wiki\/Caj%C3%B3n\">Cajon<\/a> finden immer im Gruppenunterricht statt. Am Schlagzeug habt Ihr die Wahl zwischen dem Unterricht mit Partner oder einzeln. F\u00fcr das <strong>Online-Angebot \u00fcber Zoom<\/strong> gibt es im Moment nur die M\u00f6glichkeit des Einzelunterrichts.<\/p>\n\n\n\n<p>Sowohl Kinder ab 5 Jahren als auch Erwachsene bis 99 sind bei mir herzlich willkommen! F\u00fcr jede Altersklasse gibt es ein passendes Konzept und Beratung rund um das Instrument gratis dazu.<\/p>\n\n\n\n<h2 class=\"wp-block-heading\">Kurse &amp; Preise f\u00fcr den Schlagzeug- und Cajonunterricht im Einzelnen<\/h2>\n\n\n\n<p>Ihr k\u00f6nnt bei meinen Unterrichtsmodellen aus folgenden Varianten w\u00e4hlen:<\/p>\n\n\n\n<ul class=\"wp-block-list\">\n<li>F\u00fcr junge Anf\u00e4nger (5 &#8211; 7 Jahre) biete ich die M\u00f6glichkeit an, im <strong>Kleingruppenunterricht mit 3 Sch\u00fclern<\/strong> erste Rhythmuserfahrungen auf der <a href=\"https:\/\/de.wikipedia.org\/wiki\/Caj%C3%B3n\"><strong>Cajon<\/strong> <\/a>zu sammeln.<\/li>\n\n\n\n<li>Schon fest entschlossene Schlagzeug-Kids (5 &#8211; 12 Jahre), die aber auf Gesellschaft nicht verzichten wollen, k\u00f6nnen den Unterricht in einer <strong>2er-Gruppe<\/strong> haben.<\/li>\n<\/ul>\n\n\n\n<p>Daneben gibt es nat\u00fcrlich auch<\/p>\n\n\n\n<ul class=\"wp-block-list\">\n<li>die klassische Form des <strong>Einzelunterrichts f\u00fcr Kinder<\/strong> unter 18 Jahren<\/li>\n\n\n\n<li>zudem einen g\u00fcnstigen Tarif im <strong>Einzelunterricht f\u00fcr Erwachsene<\/strong>.<\/li>\n<\/ul>\n\n\n\n<p>Die Preise zu allen oben genannten Kursen findet Ihr in der nachstehenden Tabelle.<\/p>\n\n\n<div class=\"su-table preistabelle su-table-alternate\">\n<table>\n<tbody>\n<tr>\n<td><em><strong>Kinder \/ ab 5 Jahre (Sch\u00fcler, Auszubildende)<\/strong><\/em><br \/>\n<em><strong>Zeit: 4 x 30 min im Monat<br \/>\n<\/strong><\/em><\/td>\n<td><em><strong>Preis pro Monat und Teilnehmer<br \/>\n<\/strong><\/em><\/td>\n<\/tr>\n<tr>\n<td>3er-Gruppe Cajon<\/td>\n<td style=\"text-align: center\"><em><strong>\u20ac<\/strong><\/em> 40,-<\/td>\n<\/tr>\n<tr>\n<td>2er-Gruppe Schlagzeug<\/td>\n<td style=\"text-align: center\"><em><strong>\u20ac<\/strong><\/em> 50,-<\/td>\n<\/tr>\n<tr>\n<td>Einzelunterricht Schlagzeug<\/td>\n<td style=\"text-align: center\"><em><strong>\u20ac<\/strong><\/em> 70,-<\/td>\n<\/tr>\n<tr>\n<td><em><strong>Erwachsene \/ ab 18 Jahre<\/strong><\/em><br \/>\n<em><strong>Zeit: 4 x 30 min<\/strong><\/em><\/td>\n<td><em><strong>Preis pro Monat<\/strong><\/em><\/td>\n<\/tr>\n<tr>\n<td>Einzelunterricht Schlagzeug<\/td>\n<td style=\"text-align: center\"><em><strong>\u20ac<\/strong><\/em> 85,-<\/td>\n<\/tr>\n<\/tbody>\n<\/table>\n<\/div>\n\n\n\n<hr class=\"wp-block-separator has-css-opacity is-style-wide\"\/>\n\n\n\n<h2 class=\"wp-block-heading\">Preise im Angebot &#8222;Schlagzeugunterricht Online&#8220;<\/h2>\n\n\n\n<p>Wie oben bereits erw\u00e4hnt kann der <a href=\"https:\/\/thomasmoia.de\/wordpress\/schlagzeugunterricht-online\/\">Online-Unterricht \u00fcber Zoom<\/a> momentan nur als Einzelunterricht erteilt werden. Es gelten die <strong>gleichen Preise f\u00fcr die 30 Minuten-Einheit pro Woche<\/strong> aus der oben stehenden Tabelle. Auch in dieser Unterrichtsform gelten regelm\u00e4\u00dfige, zuvor vereinbarte Termine!<\/p>\n\n\n\n<hr class=\"wp-block-separator has-css-opacity is-style-wide\"\/>\n\n\n\n<p>Wer sich nach neu startenden Kursen und freien Unterrichtsterminen erkundigen m\u00f6chte, kann dies gerne \u00fcber meine <a href=\"https:\/\/thomasmoia.de\/wordpress\/kontakt-schlagzeugunterricht\/\">Kontaktseite<\/a> tun. <strong>Bitte gebt dabei an f\u00fcr welchen der angebotenen Kurse Ihr Euch interessiert<\/strong>. <\/p>\n\n\n\n<p>Vielen Dank!<\/p>\n","protected":false},"excerpt":{"rendered":"<p>Im Folgenden findet Ihr alle von mir angebotenen Kurse &amp; Preise meines Unterrichtes. So k\u00f6nnt Ihr bei mir f\u00fcr Euren Schlagzeugunterricht zwischen verschiedenen Kursen bzw. Unterrichtsmodelle w\u00e4hlen. 3er- und 2er-Gruppen sowie Einzelunterricht sind grunds\u00e4tzlich m\u00f6glich. Kurse auf der Cajon finden immer im Gruppenunterricht statt. Am Schlagzeug habt Ihr die Wahl zwischen dem Unterricht mit Partner &#8230; <a title=\"Kurse &#038; Preise\" class=\"read-more\" href=\"https:\/\/thomasmoia.de\/wordpress\/schlagzeugunterricht-kurse-und-preise\/\" aria-label=\"Mehr Informationen \u00fcber Kurse &#038; Preise\">Weiterlesen<\/a><\/p>\n","protected":false},"author":2,"featured_media":0,"parent":0,"menu_order":3,"comment_status":"closed","ping_status":"open","template":"","meta":{"footnotes":""},"class_list":["post-417","page","type-page","status-publish"],"yoast_head":"<!-- This site is optimized with the Yoast SEO plugin v27.4 - https:\/\/yoast.com\/product\/yoast-seo-wordpress\/ -->\n<title>Kurse &amp; Preise - Schlagzeugunterricht - Thomas Moia<\/title>\n<meta name=\"description\" content=\"Kurse &amp; Preise \u25b6 ob einzeln oder in der Gruppe \u2714 Kinder &amp; Erwachsene \u2714 Anf\u00e4nger &amp; Fortgeschrittene \u2714 Ab \u20ac 20,- pro Monat geht&#039;s los...\" \/>\n<meta name=\"robots\" content=\"index, follow, max-snippet:-1, max-image-preview:large, max-video-preview:-1\" \/>\n<link rel=\"canonical\" href=\"https:\/\/thomasmoia.de\/wordpress\/schlagzeugunterricht-kurse-und-preise\/\" \/>\n<meta property=\"og:locale\" content=\"de_DE\" \/>\n<meta property=\"og:type\" content=\"article\" \/>\n<meta property=\"og:title\" content=\"Kurse &amp; Preise - Schlagzeugunterricht - Thomas Moia\" \/>\n<meta property=\"og:description\" content=\"Kurse &amp; Preise \u25b6 ob einzeln oder in der Gruppe \u2714 Kinder &amp; Erwachsene \u2714 Anf\u00e4nger &amp; Fortgeschrittene \u2714 Ab \u20ac 20,- pro Monat geht&#039;s los...\" \/>\n<meta property=\"og:url\" content=\"https:\/\/thomasmoia.de\/wordpress\/schlagzeugunterricht-kurse-und-preise\/\" \/>\n<meta property=\"og:site_name\" content=\"Schlagzeugunterricht | Thomas Moia\" \/>\n<meta property=\"article:publisher\" content=\"https:\/\/www.facebook.com\/Schlagzeugunterricht-Thomas-Moia\" \/>\n<meta property=\"article:modified_time\" content=\"2026-04-07T15:22:16+00:00\" \/>\n<meta property=\"og:image\" content=\"https:\/\/thomasmoia.de\/wordpress\/wp-content\/uploads\/2018\/11\/DSC_7645.jpg\" \/>\n\t<meta property=\"og:image:width\" content=\"800\" \/>\n\t<meta property=\"og:image:height\" content=\"532\" \/>\n\t<meta property=\"og:image:type\" content=\"image\/jpeg\" \/>\n<meta name=\"twitter:card\" content=\"summary_large_image\" \/>\n<meta name=\"twitter:site\" content=\"@thomas_moia\" \/>\n<meta name=\"twitter:label1\" content=\"Gesch\u00e4tzte Lesezeit\" \/>\n\t<meta name=\"twitter:data1\" content=\"3\u00a0Minuten\" \/>\n<script type=\"application\/ld+json\" class=\"yoast-schema-graph\">{\"@context\":\"https:\\\/\\\/schema.org\",\"@graph\":[{\"@type\":\"WebPage\",\"@id\":\"https:\\\/\\\/thomasmoia.de\\\/wordpress\\\/schlagzeugunterricht-kurse-und-preise\\\/\",\"url\":\"https:\\\/\\\/thomasmoia.de\\\/wordpress\\\/schlagzeugunterricht-kurse-und-preise\\\/\",\"name\":\"Kurse & Preise - Schlagzeugunterricht - Thomas Moia\",\"isPartOf\":{\"@id\":\"https:\\\/\\\/thomasmoia.de\\\/wordpress\\\/#website\"},\"primaryImageOfPage\":{\"@id\":\"https:\\\/\\\/thomasmoia.de\\\/wordpress\\\/schlagzeugunterricht-kurse-und-preise\\\/#primaryimage\"},\"image\":{\"@id\":\"https:\\\/\\\/thomasmoia.de\\\/wordpress\\\/schlagzeugunterricht-kurse-und-preise\\\/#primaryimage\"},\"thumbnailUrl\":\"https:\\\/\\\/thomasmoia.de\\\/wordpress\\\/wp-content\\\/uploads\\\/2018\\\/11\\\/DSC_7645-150x150.jpg\",\"datePublished\":\"2014-09-08T11:03:22+00:00\",\"dateModified\":\"2026-04-07T15:22:16+00:00\",\"description\":\"Kurse & Preise \u25b6 ob einzeln oder in der Gruppe \u2714 Kinder & Erwachsene \u2714 Anf\u00e4nger & Fortgeschrittene \u2714 Ab \u20ac 20,- pro Monat geht's los...\",\"breadcrumb\":{\"@id\":\"https:\\\/\\\/thomasmoia.de\\\/wordpress\\\/schlagzeugunterricht-kurse-und-preise\\\/#breadcrumb\"},\"inLanguage\":\"de\",\"potentialAction\":[{\"@type\":\"ReadAction\",\"target\":[\"https:\\\/\\\/thomasmoia.de\\\/wordpress\\\/schlagzeugunterricht-kurse-und-preise\\\/\"]}]},{\"@type\":\"ImageObject\",\"inLanguage\":\"de\",\"@id\":\"https:\\\/\\\/thomasmoia.de\\\/wordpress\\\/schlagzeugunterricht-kurse-und-preise\\\/#primaryimage\",\"url\":\"https:\\\/\\\/thomasmoia.de\\\/wordpress\\\/wp-content\\\/uploads\\\/2018\\\/11\\\/DSC_7645.jpg\",\"contentUrl\":\"https:\\\/\\\/thomasmoia.de\\\/wordpress\\\/wp-content\\\/uploads\\\/2018\\\/11\\\/DSC_7645.jpg\",\"width\":800,\"height\":532},{\"@type\":\"BreadcrumbList\",\"@id\":\"https:\\\/\\\/thomasmoia.de\\\/wordpress\\\/schlagzeugunterricht-kurse-und-preise\\\/#breadcrumb\",\"itemListElement\":[{\"@type\":\"ListItem\",\"position\":1,\"name\":\"Startseite\",\"item\":\"https:\\\/\\\/thomasmoia.de\\\/wordpress\\\/\"},{\"@type\":\"ListItem\",\"position\":2,\"name\":\"Kurse &#038; Preise\"}]},{\"@type\":\"WebSite\",\"@id\":\"https:\\\/\\\/thomasmoia.de\\\/wordpress\\\/#website\",\"url\":\"https:\\\/\\\/thomasmoia.de\\\/wordpress\\\/\",\"name\":\"Schlagzeugunterricht | Thomas Moia\",\"description\":\"Schlagzeugunterricht in Viersen oder Online unter &quot;Trion+&quot;\",\"potentialAction\":[{\"@type\":\"SearchAction\",\"target\":{\"@type\":\"EntryPoint\",\"urlTemplate\":\"https:\\\/\\\/thomasmoia.de\\\/wordpress\\\/?s={search_term_string}\"},\"query-input\":{\"@type\":\"PropertyValueSpecification\",\"valueRequired\":true,\"valueName\":\"search_term_string\"}}],\"inLanguage\":\"de\"}]}<\/script>\n<!-- \/ Yoast SEO plugin. -->","yoast_head_json":{"title":"Kurse & Preise - Schlagzeugunterricht - Thomas Moia","description":"Kurse & Preise \u25b6 ob einzeln oder in der Gruppe \u2714 Kinder & Erwachsene \u2714 Anf\u00e4nger & Fortgeschrittene \u2714 Ab \u20ac 20,- pro Monat geht's los...","robots":{"index":"index","follow":"follow","max-snippet":"max-snippet:-1","max-image-preview":"max-image-preview:large","max-video-preview":"max-video-preview:-1"},"canonical":"https:\/\/thomasmoia.de\/wordpress\/schlagzeugunterricht-kurse-und-preise\/","og_locale":"de_DE","og_type":"article","og_title":"Kurse & Preise - Schlagzeugunterricht - Thomas Moia","og_description":"Kurse & Preise \u25b6 ob einzeln oder in der Gruppe \u2714 Kinder & Erwachsene \u2714 Anf\u00e4nger & Fortgeschrittene \u2714 Ab \u20ac 20,- pro Monat geht's los...","og_url":"https:\/\/thomasmoia.de\/wordpress\/schlagzeugunterricht-kurse-und-preise\/","og_site_name":"Schlagzeugunterricht | Thomas Moia","article_publisher":"https:\/\/www.facebook.com\/Schlagzeugunterricht-Thomas-Moia","article_modified_time":"2026-04-07T15:22:16+00:00","og_image":[{"width":800,"height":532,"url":"https:\/\/thomasmoia.de\/wordpress\/wp-content\/uploads\/2018\/11\/DSC_7645.jpg","type":"image\/jpeg"}],"twitter_card":"summary_large_image","twitter_site":"@thomas_moia","twitter_misc":{"Gesch\u00e4tzte Lesezeit":"3\u00a0Minuten"},"schema":{"@context":"https:\/\/schema.org","@graph":[{"@type":"WebPage","@id":"https:\/\/thomasmoia.de\/wordpress\/schlagzeugunterricht-kurse-und-preise\/","url":"https:\/\/thomasmoia.de\/wordpress\/schlagzeugunterricht-kurse-und-preise\/","name":"Kurse & Preise - Schlagzeugunterricht - Thomas Moia","isPartOf":{"@id":"https:\/\/thomasmoia.de\/wordpress\/#website"},"primaryImageOfPage":{"@id":"https:\/\/thomasmoia.de\/wordpress\/schlagzeugunterricht-kurse-und-preise\/#primaryimage"},"image":{"@id":"https:\/\/thomasmoia.de\/wordpress\/schlagzeugunterricht-kurse-und-preise\/#primaryimage"},"thumbnailUrl":"https:\/\/thomasmoia.de\/wordpress\/wp-content\/uploads\/2018\/11\/DSC_7645-150x150.jpg","datePublished":"2014-09-08T11:03:22+00:00","dateModified":"2026-04-07T15:22:16+00:00","description":"Kurse & Preise \u25b6 ob einzeln oder in der Gruppe \u2714 Kinder & Erwachsene \u2714 Anf\u00e4nger & Fortgeschrittene \u2714 Ab \u20ac 20,- pro Monat geht's los...","breadcrumb":{"@id":"https:\/\/thomasmoia.de\/wordpress\/schlagzeugunterricht-kurse-und-preise\/#breadcrumb"},"inLanguage":"de","potentialAction":[{"@type":"ReadAction","target":["https:\/\/thomasmoia.de\/wordpress\/schlagzeugunterricht-kurse-und-preise\/"]}]},{"@type":"ImageObject","inLanguage":"de","@id":"https:\/\/thomasmoia.de\/wordpress\/schlagzeugunterricht-kurse-und-preise\/#primaryimage","url":"https:\/\/thomasmoia.de\/wordpress\/wp-content\/uploads\/2018\/11\/DSC_7645.jpg","contentUrl":"https:\/\/thomasmoia.de\/wordpress\/wp-content\/uploads\/2018\/11\/DSC_7645.jpg","width":800,"height":532},{"@type":"BreadcrumbList","@id":"https:\/\/thomasmoia.de\/wordpress\/schlagzeugunterricht-kurse-und-preise\/#breadcrumb","itemListElement":[{"@type":"ListItem","position":1,"name":"Startseite","item":"https:\/\/thomasmoia.de\/wordpress\/"},{"@type":"ListItem","position":2,"name":"Kurse &#038; Preise"}]},{"@type":"WebSite","@id":"https:\/\/thomasmoia.de\/wordpress\/#website","url":"https:\/\/thomasmoia.de\/wordpress\/","name":"Schlagzeugunterricht | Thomas Moia","description":"Schlagzeugunterricht in Viersen oder Online unter &quot;Trion+&quot;","potentialAction":[{"@type":"SearchAction","target":{"@type":"EntryPoint","urlTemplate":"https:\/\/thomasmoia.de\/wordpress\/?s={search_term_string}"},"query-input":{"@type":"PropertyValueSpecification","valueRequired":true,"valueName":"search_term_string"}}],"inLanguage":"de"}]}},"_links":{"self":[{"href":"https:\/\/thomasmoia.de\/wordpress\/wp-json\/wp\/v2\/pages\/417","targetHints":{"allow":["GET"]}}],"collection":[{"href":"https:\/\/thomasmoia.de\/wordpress\/wp-json\/wp\/v2\/pages"}],"about":[{"href":"https:\/\/thomasmoia.de\/wordpress\/wp-json\/wp\/v2\/types\/page"}],"author":[{"embeddable":true,"href":"https:\/\/thomasmoia.de\/wordpress\/wp-json\/wp\/v2\/users\/2"}],"replies":[{"embeddable":true,"href":"https:\/\/thomasmoia.de\/wordpress\/wp-json\/wp\/v2\/comments?post=417"}],"version-history":[{"count":112,"href":"https:\/\/thomasmoia.de\/wordpress\/wp-json\/wp\/v2\/pages\/417\/revisions"}],"predecessor-version":[{"id":2198,"href":"https:\/\/thomasmoia.de\/wordpress\/wp-json\/wp\/v2\/pages\/417\/revisions\/2198"}],"wp:attachment":[{"href":"https:\/\/thomasmoia.de\/wordpress\/wp-json\/wp\/v2\/media?parent=417"}],"curies":[{"name":"wp","href":"https:\/\/api.w.org\/{rel}","templated":true}]}}