{"id":56,"date":"2014-05-11T03:33:52","date_gmt":"2014-05-11T01:33:52","guid":{"rendered":"http:\/\/tomo.bplaced.net\/wordpress\/?page_id=56"},"modified":"2026-04-07T17:20:19","modified_gmt":"2026-04-07T15:20:19","slug":"schlagzeugunterricht","status":"publish","type":"page","link":"https:\/\/thomasmoia.de\/wordpress\/","title":{"rendered":"Du suchst Schlagzeugunterricht?"},"content":{"rendered":"<div class=\"wp-block-image\">\n<figure class=\"alignleft size-medium\"><img loading=\"lazy\" decoding=\"async\" width=\"300\" height=\"300\" src=\"https:\/\/thomasmoia.de\/wordpress\/wp-content\/uploads\/2023\/03\/DSC01775-edited-1-300x300.jpeg\" alt=\"Bild von Thomas Moia, Schlagzeugunterricht in Viersen und online \u00fcber Trion+\" class=\"wp-image-1758\" srcset=\"https:\/\/thomasmoia.de\/wordpress\/wp-content\/uploads\/2023\/03\/DSC01775-edited-1-300x300.jpeg 300w, https:\/\/thomasmoia.de\/wordpress\/wp-content\/uploads\/2023\/03\/DSC01775-edited-1-150x150.jpeg 150w, https:\/\/thomasmoia.de\/wordpress\/wp-content\/uploads\/2023\/03\/DSC01775-edited-1-624x624.jpeg 624w, https:\/\/thomasmoia.de\/wordpress\/wp-content\/uploads\/2023\/03\/DSC01775-edited-1.jpeg 656w\" sizes=\"auto, (max-width: 300px) 100vw, 300px\" \/><\/figure>\n<\/div>\n\n\n<p>Du kannst bei mir in<strong> Viersen<\/strong> Schlagzeugunterricht haben oder Du nutzt mein Online-Angebot <strong><a href=\"https:\/\/trionplus.online\/\" target=\"_blank\" rel=\"noreferrer noopener\">&#8222;Trion+&#8220;<\/a><\/strong>, die neue <strong>Online-Musikschule<\/strong> im Internet. Ebenso kannst Du meine Blogeintr\u00e4ge unter <a href=\"https:\/\/thomasmoia.de\/wordpress\/workshops-beitraege\/\" target=\"_blank\" rel=\"noreferrer noopener\">&#8222;Online Schlagzeugunterricht&#8220;<\/a> nutzen, um Dich mit Themen zu Grundlagen, Noten, Technik oder Koordination auf Videobasis zu versorgen.<\/p>\n\n\n\n<p>Mein Name ist <strong>Thomas Moia<\/strong> und ich erteile Schlagzeugunterricht sowohl f\u00fcr <strong>Anf\u00e4nger<\/strong>, als auch f\u00fcr <strong>Fortgeschrittene<\/strong> jeglichen Alters. Das hei\u00dft, vom Kind (ab 5 Jahren) bis zum Erwachsenen sind alle herzlich willkommen. Einen schnellen \u00dcberblick \u00fcber meine unterschiedlichen Kurse f\u00fcr Schlagzeug oder Caj\u00f3n mit den entsprechenden Preisen erh\u00e4ltst Du <a href=\"https:\/\/thomasmoia.de\/wordpress\/schlagzeugunterricht-kurse-und-preise\/\" target=\"_blank\" rel=\"noreferrer noopener\">hier.<\/a><\/p>\n\n\n\n<h2 class=\"wp-block-heading\">Grunds\u00e4tzliches zum Thema &#8222;Schlagzeug lernen&#8220;<\/h2>\n\n\n\n<p>Damit Ihr wisst, was Euch in meinem Unterricht erwartet, gibt es hier eine kurze Einf\u00fchrung:<\/p>\n\n\n\n<ul class=\"wp-block-list\">\n<li>Der wichtigste Punkt f\u00fcr mich ist: <strong>habt Spa\u00df an dem, was Ihr tut!<\/strong> Schlagzeug zu erlernen ist, genau wie andere Instrumente auch, nicht einfach! Aber mit Spa\u00df lernt Ihr leichter und seid motivierter. Diesen Zustand herzustellen, geh\u00f6rt zu meinen vorrangigsten Aufgaben.<\/li>\n\n\n\n<li>Das<strong> &#8222;zusammen Spielen&#8220;<\/strong> ist ein weiterer, wichtiger Teil meines Lehransatzes! Das hei\u00dft: Du als Sch\u00fcler und ich als Lehrer sind wie ein &#8222;spielendes Team&#8220;. Ihr lernt mit mir Musik als eine Sprache zu begreifen, in der wir uns in Eurem Unterricht einfach \u201eunterhalten\u201c.<\/li>\n\n\n\n<li>Als dritte S\u00e4ule ist mir die <strong>Zielorientierung<\/strong> wichtig. Das bedeutet f\u00fcr Euch, dass Ihr Eure F\u00e4higkeiten und Fortschritte in kurzen Video-Clips f\u00fcr die Familie oder auch das Internet festhalten sollt.<\/li>\n<\/ul>\n\n\n\n<p>Aussehen und anh\u00f6ren kann sich das Ganze dann wie im folgenden Video-Beitrag:<\/p>\n\n\n\n<figure class=\"wp-block-video\"><video height=\"1080\" style=\"aspect-ratio: 1920 \/ 1080;\" width=\"1920\" controls poster=\"https:\/\/thomasmoia.de\/wordpress\/wp-content\/uploads\/2019\/12\/IntroPic-Sch\u00fcler_Zusammenschnitt_komp-e1588674355196.png\" src=\"https:\/\/thomasmoia.de\/wordpress\/wp-content\/uploads\/2019\/08\/Sch\u00fcler_Zusammenschnitt1.mp4\"><\/video><\/figure>\n\n\n\n<p>Zus\u00e4tzlich oder als Ersatz f\u00fcr Eure Vorspiele kann ich mit Euch auch komplette Video-Produktionen f\u00fcr &#8222;YouTube&#8220; anfertigen. Entsprechendes k\u00f6nnt Ihr den folgenden Beispielen entnehmen:<\/p>\n\n\n\n<figure class=\"wp-block-image size-full\"><a href=\"https:\/\/youtu.be\/IFD9_WMqq84\" target=\"_blank\" rel=\"noreferrer noopener\"><img loading=\"lazy\" decoding=\"async\" width=\"740\" height=\"416\" src=\"https:\/\/thomasmoia.de\/wordpress\/wp-content\/uploads\/2023\/06\/Fieber.png\" alt=\"\" class=\"wp-image-2004\" srcset=\"https:\/\/thomasmoia.de\/wordpress\/wp-content\/uploads\/2023\/06\/Fieber.png 740w, https:\/\/thomasmoia.de\/wordpress\/wp-content\/uploads\/2023\/06\/Fieber-300x169.png 300w\" sizes=\"auto, (max-width: 740px) 100vw, 740px\" \/><\/a><\/figure>\n\n\n\n<figure class=\"wp-block-image size-full\"><a href=\"https:\/\/youtu.be\/Yr_mIcwsm8o\" target=\"_blank\" rel=\"noreferrer noopener\"><img loading=\"lazy\" decoding=\"async\" width=\"740\" height=\"416\" src=\"https:\/\/thomasmoia.de\/wordpress\/wp-content\/uploads\/2023\/06\/Long-train-running.png\" alt=\"\" class=\"wp-image-2005\" srcset=\"https:\/\/thomasmoia.de\/wordpress\/wp-content\/uploads\/2023\/06\/Long-train-running.png 740w, https:\/\/thomasmoia.de\/wordpress\/wp-content\/uploads\/2023\/06\/Long-train-running-300x169.png 300w\" sizes=\"auto, (max-width: 740px) 100vw, 740px\" \/><\/a><\/figure>\n\n\n\n<p>Weitere Videos von Sch\u00fclern mit Ergebnissen aus Ihrem Schlagzeugunterricht bei mir findet Ihr unter: <a href=\"https:\/\/thomasmoia.de\/wordpress\/schuelerpraesentationen\/\" target=\"_blank\" rel=\"noreferrer noopener\">&#8222;Online Schlagzeugunterricht\/Sch\u00fclerpr\u00e4sentationen&#8220;<\/a>.<\/p>\n\n\n\n<hr class=\"wp-block-separator has-alpha-channel-opacity\"\/>\n\n\n\n<p>Ganz allgemein werden bei mir alle Themenbereiche des modernen Schlagzeugspiels bez\u00fcglich Technik, Timing und Ausdruck vermittelt. Hierzu bekommt Ihr im Folgenden einige inhaltliche Beispiele:<\/p>\n\n\n\n<h2 class=\"wp-block-heading\">Inhaltliche Schwerpunkte im Schlagzeugunterricht f\u00fcr<\/h2>\n\n\n\n<h3 class=\"wp-block-heading\">Anf\u00e4nger:<\/h3>\n\n\n\n<ul class=\"wp-block-list\">\n<li>Basics der Sitz- und Stockhaltung<\/li>\n\n\n\n<li>Einstellung des Drumsets<\/li>\n\n\n\n<li>Grundlagen der Hand- und Fu\u00dftechnik<\/li>\n\n\n\n<li>Notenkenntnisse an kleiner Trommel und Drumset<\/li>\n\n\n\n<li>Entwicklung eines gleichm\u00e4\u00dfigen inneren Pulses<\/li>\n\n\n\n<li>erste Grooves und Fills<\/li>\n\n\n\n<li>das Spielen einfacher Pop- und Rocksongs<\/li>\n<\/ul>\n\n\n\n<h3 class=\"wp-block-heading\">Fortgeschrittene:<\/h3>\n\n\n\n<ul class=\"wp-block-list\">\n<li>Ausbau der Hand- und Fu\u00dftechniken (Fingerkontrolle, Open-Close, Heel-Up, Heel-Toe, etc.)<\/li>\n\n\n\n<li>Lesen komplexerer Rhythmen an kleiner Trommel und Drumset<\/li>\n\n\n\n<li>Aufbau von Hand-Fu\u00df-Koordination<\/li>\n\n\n\n<li>Verfeinerung des Timings in den rhythmischen Strukturen bin\u00e4r und tern\u00e4r<\/li>\n\n\n\n<li>Spielen von Grooves und Fills in verschiedenen Musikstilen, je nach Wahl des Sch\u00fclers<\/li>\n\n\n\n<li>Aufbau eigener Schlagzeugsoli in musikalisch sinnvollen Formen<\/li>\n\n\n\n<li>Entwicklung von Drumparts f\u00fcr Eigenkompositionen in einer Band<\/li>\n<\/ul>\n\n\n\n<h3 class=\"wp-block-heading\">&#8222;Spezialisten&#8220;:<\/h3>\n\n\n\n<ul class=\"wp-block-list\">\n<li>vertiefendes Studium des Schlagzeugspiels in bestimmten Musikstilen (z.B. Pop, Rock, Blues, Funk, Hip-Hop, Bebop, Techno oder Metall, etc.)<\/li>\n\n\n\n<li>vertiefendes Studium des Schlagzeugspiels eines bestimmten Schlagzeugers<\/li>\n<\/ul>\n\n\n\n<p>Als Unterrichtsmaterial werden die g\u00e4ngigen Werke der Schlagzeug-Literatur zum entsprechenden Thema studiert. Zus\u00e4tzlich dazu werden ausgew\u00e4hlte, f\u00fcr den Stil typische Musikst\u00fccke analysiert und einge\u00fcbt.<\/p>\n\n\n\n<hr class=\"wp-block-separator has-css-opacity is-style-wide\"\/>\n\n\n\n<h2 class=\"wp-block-heading\">Videos zum Schlagzeugunterricht im Blog<\/h2>\n\n\n\n<p><strong><em>Unter den Blogeintr\u00e4gen <a href=\"https:\/\/thomasmoia.de\/wordpress\/workshops-beitraege\/\" target=\"_blank\" rel=\"noreferrer noopener\">&#8222;Online Schlagzeugunterricht&#8220;<\/a> findet Ihr kurze, von mir aufgenommene Unterrichtseinheiten zu den unterschiedlichsten Themen. Diese behandele ich so auch mit meinen Sch\u00fclern im Schlagzeugunterricht. Zu jedem Video gibt es im Post auch das entsprechende Notenmaterial als PDF-File zum Download.<\/em><\/strong><\/p>\n\n\n\n<hr class=\"wp-block-separator has-css-opacity is-style-wide\"\/>\n\n\n\n<p>Neugierig geworden? Dann gibt&#8217;s weitere Informationen zu meinem Schlagzeugunterricht in Br\u00fcggen und Kempen <a href=\"https:\/\/thomasmoia.de\/wordpress\/schlagzeugunterricht-kurse-und-preise\/\">hier<\/a>. Oder Ihr schreibt mir Eure Anfragen per Mail \u00fcber das <a href=\"https:\/\/thomasmoia.de\/wordpress\/kontakt-schlagzeugunterricht\/\">Kontaktformular<\/a> auf dieser Seite. Zu meinen <a href=\"https:\/\/thomasmoia.de\/wordpress\/schlagzeuglehrer-musiker\/\" target=\"_blank\" rel=\"noreferrer noopener\">Bands und Projekten<\/a> (wie z.B. <a href=\"https:\/\/www.lewinsky-coverband.de\/\" target=\"_blank\" rel=\"noreferrer noopener\">&#8222;Lewinksy&#8220;<\/a>, <a href=\"http:\/\/www.drbob-rockt.de\/\" target=\"_blank\" rel=\"noreferrer noopener\">&#8222;Dr. Bob&#8220;<\/a>, <a href=\"http:\/\/www.nicodeluxe.de\" target=\"_blank\" rel=\"noopener noreferrer\">&#8222;Nico Deluxe&#8220;<\/a>, <a href=\"http:\/\/www.bridgeless.net\" target=\"_blank\" rel=\"noopener noreferrer\">&#8222;Bridgeless&#8220;<\/a>) findet Ihr unter den direkten Links n\u00e4here Informationen bzw. in meiner <a href=\"https:\/\/thomasmoia.de\/wordpress\/live-videos\/\">Galerie<\/a>. Dort gibt es auch entsprechendes Video-, Ton- und Bildmaterial.<\/p>\n\n\n\n<p>Danke f\u00fcr&#8217;s Vorbeischauen, Thomas Moia<\/p>\n","protected":false},"excerpt":{"rendered":"<p>Du kannst bei mir in Viersen Schlagzeugunterricht haben oder Du nutzt mein Online-Angebot &#8222;Trion+&#8220;, die neue Online-Musikschule im Internet. Ebenso kannst Du meine Blogeintr\u00e4ge unter &#8222;Online Schlagzeugunterricht&#8220; nutzen, um Dich mit Themen zu Grundlagen, Noten, Technik oder Koordination auf Videobasis zu versorgen. Mein Name ist Thomas Moia und ich erteile Schlagzeugunterricht sowohl f\u00fcr Anf\u00e4nger, als &#8230; <a title=\"Du suchst Schlagzeugunterricht?\" class=\"read-more\" href=\"https:\/\/thomasmoia.de\/wordpress\/\" aria-label=\"Mehr Informationen \u00fcber Du suchst Schlagzeugunterricht?\">Weiterlesen<\/a><\/p>\n","protected":false},"author":2,"featured_media":0,"parent":0,"menu_order":1,"comment_status":"closed","ping_status":"closed","template":"","meta":{"footnotes":""},"class_list":["post-56","page","type-page","status-publish"],"yoast_head":"<!-- This site is optimized with the Yoast SEO plugin v27.5 - https:\/\/yoast.com\/product\/yoast-seo-wordpress\/ -->\n<title>Schlagzeugunterricht - in Viersen und Online \u00fcber &quot;Trion+&quot;<\/title>\n<meta name=\"description\" content=\"Du kannst bei mir in Viersen Schlagzeugunterricht haben oder nutzte mein Online-Angebot &quot;Trion+&quot;, die neue Online-Musikschule im Internet.\" \/>\n<meta name=\"robots\" content=\"index, follow, max-snippet:-1, max-image-preview:large, max-video-preview:-1\" \/>\n<link rel=\"canonical\" href=\"https:\/\/thomasmoia.de\/wordpress\/\" \/>\n<meta property=\"og:locale\" content=\"de_DE\" \/>\n<meta property=\"og:type\" content=\"article\" \/>\n<meta property=\"og:title\" content=\"Schlagzeugunterricht - in Viersen und Online \u00fcber &quot;Trion+&quot;\" \/>\n<meta property=\"og:description\" content=\"Du kannst bei mir in Viersen Schlagzeugunterricht haben oder nutzte mein Online-Angebot &quot;Trion+&quot;, die neue Online-Musikschule im Internet.\" \/>\n<meta property=\"og:url\" content=\"https:\/\/thomasmoia.de\/wordpress\/\" \/>\n<meta property=\"og:site_name\" content=\"Schlagzeugunterricht | Thomas Moia\" \/>\n<meta property=\"article:publisher\" content=\"https:\/\/www.facebook.com\/Schlagzeugunterricht-Thomas-Moia\" \/>\n<meta property=\"article:modified_time\" content=\"2026-04-07T15:20:19+00:00\" \/>\n<meta property=\"og:image\" content=\"https:\/\/thomasmoia.de\/wordpress\/wp-content\/uploads\/2023\/03\/DSC01775-edited-1.jpeg\" \/>\n\t<meta property=\"og:image:width\" content=\"656\" \/>\n\t<meta property=\"og:image:height\" content=\"656\" \/>\n\t<meta property=\"og:image:type\" content=\"image\/jpeg\" \/>\n<meta name=\"twitter:card\" content=\"summary_large_image\" \/>\n<meta name=\"twitter:site\" content=\"@thomas_moia\" \/>\n<meta name=\"twitter:label1\" content=\"Gesch\u00e4tzte Lesezeit\" \/>\n\t<meta name=\"twitter:data1\" content=\"4\u00a0Minuten\" \/>\n<script type=\"application\/ld+json\" class=\"yoast-schema-graph\">{\"@context\":\"https:\\\/\\\/schema.org\",\"@graph\":[{\"@type\":\"Article\",\"@id\":\"https:\\\/\\\/thomasmoia.de\\\/wordpress\\\/#article\",\"isPartOf\":{\"@id\":\"https:\\\/\\\/thomasmoia.de\\\/wordpress\\\/\"},\"author\":{\"name\":\"adminTM01\",\"@id\":\"https:\\\/\\\/thomasmoia.de\\\/wordpress\\\/#\\\/schema\\\/person\\\/f3c214bf0b6447486046d3a64c3aa9bd\"},\"headline\":\"Du suchst Schlagzeugunterricht?\",\"datePublished\":\"2014-05-11T01:33:52+00:00\",\"dateModified\":\"2026-04-07T15:20:19+00:00\",\"mainEntityOfPage\":{\"@id\":\"https:\\\/\\\/thomasmoia.de\\\/wordpress\\\/\"},\"wordCount\":620,\"image\":{\"@id\":\"https:\\\/\\\/thomasmoia.de\\\/wordpress\\\/#primaryimage\"},\"thumbnailUrl\":\"https:\\\/\\\/thomasmoia.de\\\/wordpress\\\/wp-content\\\/uploads\\\/2023\\\/03\\\/DSC01775-edited-1-300x300.jpeg\",\"inLanguage\":\"de\"},{\"@type\":[\"WebPage\",\"AboutPage\"],\"@id\":\"https:\\\/\\\/thomasmoia.de\\\/wordpress\\\/\",\"url\":\"https:\\\/\\\/thomasmoia.de\\\/wordpress\\\/\",\"name\":\"Schlagzeugunterricht - in Viersen und Online \u00fcber \\\"Trion+\\\"\",\"isPartOf\":{\"@id\":\"https:\\\/\\\/thomasmoia.de\\\/wordpress\\\/#website\"},\"primaryImageOfPage\":{\"@id\":\"https:\\\/\\\/thomasmoia.de\\\/wordpress\\\/#primaryimage\"},\"image\":{\"@id\":\"https:\\\/\\\/thomasmoia.de\\\/wordpress\\\/#primaryimage\"},\"thumbnailUrl\":\"https:\\\/\\\/thomasmoia.de\\\/wordpress\\\/wp-content\\\/uploads\\\/2023\\\/03\\\/DSC01775-edited-1-300x300.jpeg\",\"datePublished\":\"2014-05-11T01:33:52+00:00\",\"dateModified\":\"2026-04-07T15:20:19+00:00\",\"description\":\"Du kannst bei mir in Viersen Schlagzeugunterricht haben oder nutzte mein Online-Angebot \\\"Trion+\\\", die neue Online-Musikschule im Internet.\",\"breadcrumb\":{\"@id\":\"https:\\\/\\\/thomasmoia.de\\\/wordpress\\\/#breadcrumb\"},\"inLanguage\":\"de\",\"potentialAction\":[{\"@type\":\"ReadAction\",\"target\":[\"https:\\\/\\\/thomasmoia.de\\\/wordpress\\\/\"]}]},{\"@type\":\"ImageObject\",\"inLanguage\":\"de\",\"@id\":\"https:\\\/\\\/thomasmoia.de\\\/wordpress\\\/#primaryimage\",\"url\":\"https:\\\/\\\/thomasmoia.de\\\/wordpress\\\/wp-content\\\/uploads\\\/2023\\\/03\\\/DSC01775-edited-1-300x300.jpeg\",\"contentUrl\":\"https:\\\/\\\/thomasmoia.de\\\/wordpress\\\/wp-content\\\/uploads\\\/2023\\\/03\\\/DSC01775-edited-1-300x300.jpeg\"},{\"@type\":\"BreadcrumbList\",\"@id\":\"https:\\\/\\\/thomasmoia.de\\\/wordpress\\\/#breadcrumb\",\"itemListElement\":[{\"@type\":\"ListItem\",\"position\":1,\"name\":\"Startseite\",\"item\":\"https:\\\/\\\/thomasmoia.de\\\/wordpress\\\/\"},{\"@type\":\"ListItem\",\"position\":2,\"name\":\"Du suchst Schlagzeugunterricht?\"}]},{\"@type\":\"WebSite\",\"@id\":\"https:\\\/\\\/thomasmoia.de\\\/wordpress\\\/#website\",\"url\":\"https:\\\/\\\/thomasmoia.de\\\/wordpress\\\/\",\"name\":\"Schlagzeugunterricht | Thomas Moia\",\"description\":\"Schlagzeugunterricht in Viersen oder Online unter &quot;Trion+&quot;\",\"potentialAction\":[{\"@type\":\"SearchAction\",\"target\":{\"@type\":\"EntryPoint\",\"urlTemplate\":\"https:\\\/\\\/thomasmoia.de\\\/wordpress\\\/?s={search_term_string}\"},\"query-input\":{\"@type\":\"PropertyValueSpecification\",\"valueRequired\":true,\"valueName\":\"search_term_string\"}}],\"inLanguage\":\"de\"},{\"@type\":\"Person\",\"@id\":\"https:\\\/\\\/thomasmoia.de\\\/wordpress\\\/#\\\/schema\\\/person\\\/f3c214bf0b6447486046d3a64c3aa9bd\",\"name\":\"adminTM01\"}]}<\/script>\n<!-- \/ Yoast SEO plugin. -->","yoast_head_json":{"title":"Schlagzeugunterricht - in Viersen und Online \u00fcber \"Trion+\"","description":"Du kannst bei mir in Viersen Schlagzeugunterricht haben oder nutzte mein Online-Angebot \"Trion+\", die neue Online-Musikschule im Internet.","robots":{"index":"index","follow":"follow","max-snippet":"max-snippet:-1","max-image-preview":"max-image-preview:large","max-video-preview":"max-video-preview:-1"},"canonical":"https:\/\/thomasmoia.de\/wordpress\/","og_locale":"de_DE","og_type":"article","og_title":"Schlagzeugunterricht - in Viersen und Online \u00fcber \"Trion+\"","og_description":"Du kannst bei mir in Viersen Schlagzeugunterricht haben oder nutzte mein Online-Angebot \"Trion+\", die neue Online-Musikschule im Internet.","og_url":"https:\/\/thomasmoia.de\/wordpress\/","og_site_name":"Schlagzeugunterricht | Thomas Moia","article_publisher":"https:\/\/www.facebook.com\/Schlagzeugunterricht-Thomas-Moia","article_modified_time":"2026-04-07T15:20:19+00:00","og_image":[{"width":656,"height":656,"url":"https:\/\/thomasmoia.de\/wordpress\/wp-content\/uploads\/2023\/03\/DSC01775-edited-1.jpeg","type":"image\/jpeg"}],"twitter_card":"summary_large_image","twitter_site":"@thomas_moia","twitter_misc":{"Gesch\u00e4tzte Lesezeit":"4\u00a0Minuten"},"schema":{"@context":"https:\/\/schema.org","@graph":[{"@type":"Article","@id":"https:\/\/thomasmoia.de\/wordpress\/#article","isPartOf":{"@id":"https:\/\/thomasmoia.de\/wordpress\/"},"author":{"name":"adminTM01","@id":"https:\/\/thomasmoia.de\/wordpress\/#\/schema\/person\/f3c214bf0b6447486046d3a64c3aa9bd"},"headline":"Du suchst Schlagzeugunterricht?","datePublished":"2014-05-11T01:33:52+00:00","dateModified":"2026-04-07T15:20:19+00:00","mainEntityOfPage":{"@id":"https:\/\/thomasmoia.de\/wordpress\/"},"wordCount":620,"image":{"@id":"https:\/\/thomasmoia.de\/wordpress\/#primaryimage"},"thumbnailUrl":"https:\/\/thomasmoia.de\/wordpress\/wp-content\/uploads\/2023\/03\/DSC01775-edited-1-300x300.jpeg","inLanguage":"de"},{"@type":["WebPage","AboutPage"],"@id":"https:\/\/thomasmoia.de\/wordpress\/","url":"https:\/\/thomasmoia.de\/wordpress\/","name":"Schlagzeugunterricht - in Viersen und Online \u00fcber \"Trion+\"","isPartOf":{"@id":"https:\/\/thomasmoia.de\/wordpress\/#website"},"primaryImageOfPage":{"@id":"https:\/\/thomasmoia.de\/wordpress\/#primaryimage"},"image":{"@id":"https:\/\/thomasmoia.de\/wordpress\/#primaryimage"},"thumbnailUrl":"https:\/\/thomasmoia.de\/wordpress\/wp-content\/uploads\/2023\/03\/DSC01775-edited-1-300x300.jpeg","datePublished":"2014-05-11T01:33:52+00:00","dateModified":"2026-04-07T15:20:19+00:00","description":"Du kannst bei mir in Viersen Schlagzeugunterricht haben oder nutzte mein Online-Angebot \"Trion+\", die neue Online-Musikschule im Internet.","breadcrumb":{"@id":"https:\/\/thomasmoia.de\/wordpress\/#breadcrumb"},"inLanguage":"de","potentialAction":[{"@type":"ReadAction","target":["https:\/\/thomasmoia.de\/wordpress\/"]}]},{"@type":"ImageObject","inLanguage":"de","@id":"https:\/\/thomasmoia.de\/wordpress\/#primaryimage","url":"https:\/\/thomasmoia.de\/wordpress\/wp-content\/uploads\/2023\/03\/DSC01775-edited-1-300x300.jpeg","contentUrl":"https:\/\/thomasmoia.de\/wordpress\/wp-content\/uploads\/2023\/03\/DSC01775-edited-1-300x300.jpeg"},{"@type":"BreadcrumbList","@id":"https:\/\/thomasmoia.de\/wordpress\/#breadcrumb","itemListElement":[{"@type":"ListItem","position":1,"name":"Startseite","item":"https:\/\/thomasmoia.de\/wordpress\/"},{"@type":"ListItem","position":2,"name":"Du suchst Schlagzeugunterricht?"}]},{"@type":"WebSite","@id":"https:\/\/thomasmoia.de\/wordpress\/#website","url":"https:\/\/thomasmoia.de\/wordpress\/","name":"Schlagzeugunterricht | Thomas Moia","description":"Schlagzeugunterricht in Viersen oder Online unter &quot;Trion+&quot;","potentialAction":[{"@type":"SearchAction","target":{"@type":"EntryPoint","urlTemplate":"https:\/\/thomasmoia.de\/wordpress\/?s={search_term_string}"},"query-input":{"@type":"PropertyValueSpecification","valueRequired":true,"valueName":"search_term_string"}}],"inLanguage":"de"},{"@type":"Person","@id":"https:\/\/thomasmoia.de\/wordpress\/#\/schema\/person\/f3c214bf0b6447486046d3a64c3aa9bd","name":"adminTM01"}]}},"_links":{"self":[{"href":"https:\/\/thomasmoia.de\/wordpress\/wp-json\/wp\/v2\/pages\/56","targetHints":{"allow":["GET"]}}],"collection":[{"href":"https:\/\/thomasmoia.de\/wordpress\/wp-json\/wp\/v2\/pages"}],"about":[{"href":"https:\/\/thomasmoia.de\/wordpress\/wp-json\/wp\/v2\/types\/page"}],"author":[{"embeddable":true,"href":"https:\/\/thomasmoia.de\/wordpress\/wp-json\/wp\/v2\/users\/2"}],"replies":[{"embeddable":true,"href":"https:\/\/thomasmoia.de\/wordpress\/wp-json\/wp\/v2\/comments?post=56"}],"version-history":[{"count":337,"href":"https:\/\/thomasmoia.de\/wordpress\/wp-json\/wp\/v2\/pages\/56\/revisions"}],"predecessor-version":[{"id":2124,"href":"https:\/\/thomasmoia.de\/wordpress\/wp-json\/wp\/v2\/pages\/56\/revisions\/2124"}],"wp:attachment":[{"href":"https:\/\/thomasmoia.de\/wordpress\/wp-json\/wp\/v2\/media?parent=56"}],"curies":[{"name":"wp","href":"https:\/\/api.w.org\/{rel}","templated":true}]}}