{"id":60,"date":"2014-05-11T03:40:58","date_gmt":"2014-05-11T01:40:58","guid":{"rendered":"http:\/\/tomo.bplaced.net\/wordpress\/?page_id=60"},"modified":"2023-06-29T17:25:17","modified_gmt":"2023-06-29T15:25:17","slug":"kontakt-schlagzeugunterricht","status":"publish","type":"page","link":"https:\/\/thomasmoia.de\/wordpress\/kontakt-schlagzeugunterricht\/","title":{"rendered":"Kontakt"},"content":{"rendered":"\n<div class=\"wp-block-columns is-layout-flex wp-container-core-columns-is-layout-9d6595d7 wp-block-columns-is-layout-flex\">\n<div class=\"wp-block-column is-layout-flow wp-block-column-is-layout-flow\"><div class=\"wp-block-image is-style-default\">\n<figure class=\"alignleft\"><img loading=\"lazy\" decoding=\"async\" width=\"150\" height=\"150\" src=\"https:\/\/thomasmoia.de\/wordpress\/wp-content\/uploads\/2018\/11\/DSC_7645-150x150.jpg\" alt=\"Kontakt zum Schlagzeugunterricht\" class=\"wp-image-693\"\/><\/figure>\n<\/div>\n\n\n<p>Hier gibt es alles rund um den Kontakt zum Schlagzeugunterricht von Thomas Moia. Wenn Ihr Fragen zu den <a href=\"http:\/\/thomasmoia.de\/wordpress\/\">Unterrichtsinhalten<\/a> oder angebotenen <a href=\"http:\/\/thomasmoia.de\/wordpress\/schlagzeugunterricht-kurse-und-preise\/\">Kursen<\/a> auf der Homepage habt, k\u00f6nnt Ihr diese gerne \u00fcber das hier vorhandene Kontaktformular stellen. Ebenso besteht die M\u00f6glichkeit mich \u00fcber die im folgenden aufgef\u00fchrte Handynummer oder E-Mail-Adresse zu kontaktieren.<\/p>\n\n\n\n<p>Neben den Daten zum Kontakt zum Schlagzeugunterricht k\u00f6nnt Ihr weitere Infos, Bilder sowie Aktionen, kurzfristige Bekanntgaben und News auf meiner <a href=\"https:\/\/m.facebook.com\/DrummersEducation\/?ref=bookmarks\" target=\"_blank\" rel=\"noreferrer noopener\">Facebook-Seite<\/a> und meinem <a href=\"https:\/\/www.google.com\/maps\/place\/Schlagzeugunterricht+Thomas+Moia\/@51.2404356,6.1838935,17z\/data=!3m1!4b1!4m5!3m4!1s0x0:0x450eb39d93a1a5ce!8m2!3d51.2404356!4d6.1860822\" target=\"_blank\" rel=\"noreferrer noopener\">Google-Business-Eintrag<\/a> einsehen.<\/p>\n\n\n\n<p><strong>Handynummer und E-Mail-Adresse:<\/strong><\/p>\n\n\n\n<p><strong> Mobil: 0157 \/ 33742603<\/strong><\/p>\n\n\n\n<p><strong>E-Mail: <a href=\"mailto:kontakt@thomasmoia.de\">kontakt@thomasmoia.de<\/a><\/strong><\/p>\n\n\n\n<p>Die Adressen meiner Unterrichtsr\u00e4ume im Kreis Viersen sind in <strong>Br\u00fcggen<\/strong> und <strong>Kempen<\/strong>:<\/p>\n\n\n\n<div style=\"height:25px\" aria-hidden=\"true\" class=\"wp-block-spacer\"><\/div>\n\n\n\n<p><strong>Burgwall (Burg Br\u00fcggen), 41379 Br\u00fcggen<\/strong><\/p>\n\n\n<div class=\"su-gmap su-u-responsive-media-yes\"><iframe loading=\"lazy\" width=\"600\" height=\"400\" src=\"\/\/maps.google.com\/maps?q=Burg%20Br%C3%BCggen%2C%2041379%20Br%C3%BCggen&amp;output=embed\" title=\"\"><\/iframe><\/div>\n\n\n\n<div style=\"height:25px\" aria-hidden=\"true\" class=\"wp-block-spacer\"><\/div>\n\n\n\n<p><strong>Kleinbahnstra\u00dfe 20, 47906 Kempen<\/strong> (Musikhaus Funken)<\/p>\n\n\n<div class=\"su-gmap su-u-responsive-media-yes\"><iframe loading=\"lazy\" width=\"600\" height=\"400\" src=\"\/\/maps.google.com\/maps?q=Kleinbahnstra%C3%9Fe%2020%2047906%20Kempen&amp;output=embed\" title=\"\"><\/iframe><\/div>\n\n\n\n<p>Es w\u00fcrde mich freuen von Euch zu h\u00f6ren!<\/p>\n<\/div>\n\n\n\n<div class=\"wp-block-column is-layout-flow wp-block-column-is-layout-flow\"><div class=\"su-column su-column-size-1-2\"><div class=\"su-column-inner su-u-clearfix su-u-trim\"><\/div><\/div>\n\n\n<div class=\"su-note\"  style=\"border-color:#2a2a2a;border-radius:10px;-moz-border-radius:10px;-webkit-border-radius:10px;\"><div class=\"su-note-inner su-u-clearfix su-u-trim\" style=\"background-color:#444;border-color:#ffffff;color:#efefef;border-radius:10px;-moz-border-radius:10px;-webkit-border-radius:10px;\">\n\n<div class=\"wpcf7 no-js\" id=\"wpcf7-f518-o1\" lang=\"de-DE\" dir=\"ltr\" data-wpcf7-id=\"518\">\n<div class=\"screen-reader-response\"><p role=\"status\" aria-live=\"polite\" aria-atomic=\"true\"><\/p> <ul><\/ul><\/div>\n<form action=\"\/wordpress\/wp-json\/wp\/v2\/pages\/60#wpcf7-f518-o1\" method=\"post\" class=\"wpcf7-form init\" aria-label=\"Kontaktformular\" novalidate=\"novalidate\" data-status=\"init\">\n<fieldset class=\"hidden-fields-container\"><input type=\"hidden\" name=\"_wpcf7\" value=\"518\" \/><input type=\"hidden\" name=\"_wpcf7_version\" value=\"6.1.5\" \/><input type=\"hidden\" name=\"_wpcf7_locale\" value=\"de_DE\" \/><input type=\"hidden\" name=\"_wpcf7_unit_tag\" value=\"wpcf7-f518-o1\" \/><input type=\"hidden\" name=\"_wpcf7_container_post\" value=\"0\" \/><input type=\"hidden\" name=\"_wpcf7_posted_data_hash\" value=\"\" \/>\n<\/fieldset>\n<p><label><strong> Dein Name <\/strong>(Pflichtfeld)<br \/>\n<span class=\"wpcf7-form-control-wrap\" data-name=\"your-name\"><input size=\"40\" maxlength=\"400\" class=\"wpcf7-form-control wpcf7-text wpcf7-validates-as-required\" aria-required=\"true\" aria-invalid=\"false\" value=\"\" type=\"text\" name=\"your-name\" \/><\/span> <\/label>\n<\/p>\n<p><label><strong> Deine E-Mail-Adresse <\/strong>(Pflichtfeld)<br \/>\n<span class=\"wpcf7-form-control-wrap\" data-name=\"your-email\"><input size=\"40\" maxlength=\"400\" class=\"wpcf7-form-control wpcf7-email wpcf7-validates-as-required wpcf7-text wpcf7-validates-as-email\" aria-required=\"true\" aria-invalid=\"false\" value=\"\" type=\"email\" name=\"your-email\" \/><\/span> <\/label>\n<\/p>\n<p><label><strong> Betreff <\/strong><br \/>\n<span class=\"wpcf7-form-control-wrap\" data-name=\"your-subject\"><input size=\"40\" maxlength=\"400\" class=\"wpcf7-form-control wpcf7-text\" aria-invalid=\"false\" value=\"\" type=\"text\" name=\"your-subject\" \/><\/span> <\/label>\n<\/p>\n<p><label><strong> Deine Nachricht <\/strong><br \/>\n<span class=\"wpcf7-form-control-wrap\" data-name=\"your-message\"><textarea cols=\"40\" rows=\"10\" maxlength=\"2000\" class=\"wpcf7-form-control wpcf7-textarea\" aria-invalid=\"false\" name=\"your-message\"><\/textarea><\/span> <\/label>\n<\/p>\n<p class=\"datenschutz\"><br \/>\n<strong>Datenschutz<\/strong><br \/>\n<span class=\"wpcf7-form-control-wrap\" data-name=\"zustimmung-datenschutz\"><span class=\"wpcf7-form-control wpcf7-acceptance\"><span class=\"wpcf7-list-item\"><label><input type=\"checkbox\" name=\"zustimmung-datenschutz\" value=\"1\" aria-invalid=\"false\" \/><span class=\"wpcf7-list-item-label\">Ich stimme zu, dass meine Angaben aus dem Kontaktformular zur Beantwortung meiner Anfrage erhoben und verarbeitet werden. Die Daten werden f\u00fcr 3 Monate gespeichert oder auf Wunsch gel\u00f6scht.\nHinweis: Sie k\u00f6nnen Ihre Einwilligung jederzeit f\u00fcr die Zukunft per E-Mail an kontak@thomasmoia.de widerrufen. Detaillierte Informationen zum Umgang mit Nutzerdaten finden Sie in meiner <a href=\"https:\/\/thomasmoia.de\/wordpress\/haftungsausschluss-datenschutzerklaerung\/\">Datenschutzerkl\u00e4rung<\/a>.<\/span><\/label><\/span><\/span><\/span>\n<\/p>\n<p><label> Kurzes Quiz \ud83d\ude42<br \/>\n<span class=\"wpcf7-form-control-wrap\" data-name=\"quiz-703\"><label><span class=\"wpcf7-quiz-label\">13-7=<\/span> <input size=\"40\" class=\"wpcf7-form-control wpcf7-quiz\" autocomplete=\"off\" aria-required=\"true\" aria-invalid=\"false\" type=\"text\" name=\"quiz-703\" \/><\/label><input type=\"hidden\" name=\"_wpcf7_quiz_answer_quiz-703\" value=\"074da4fe75863579719611c48c1773a7\" \/><\/span> <\/label>\n<\/p>\n<p><input class=\"wpcf7-form-control wpcf7-submit has-spinner\" type=\"submit\" value=\"Senden\" \/>\n<\/p><div class=\"wpcf7-response-output\" aria-hidden=\"true\"><\/div>\n<\/form>\n<\/div>\n\n<\/div><\/div>\n<\/div>\n<\/div>\n","protected":false},"excerpt":{"rendered":"<p>Hier gibt es alles rund um den Kontakt zum Schlagzeugunterricht von Thomas Moia. Wenn Ihr Fragen zu den Unterrichtsinhalten oder angebotenen Kursen auf der Homepage habt, k\u00f6nnt Ihr diese gerne \u00fcber das hier vorhandene Kontaktformular stellen. Ebenso besteht die M\u00f6glichkeit mich \u00fcber die im folgenden aufgef\u00fchrte Handynummer oder E-Mail-Adresse zu kontaktieren. Neben den Daten zum &#8230; <a title=\"Kontakt\" class=\"read-more\" href=\"https:\/\/thomasmoia.de\/wordpress\/kontakt-schlagzeugunterricht\/\" aria-label=\"Mehr Informationen \u00fcber Kontakt\">Weiterlesen<\/a><\/p>\n","protected":false},"author":2,"featured_media":0,"parent":0,"menu_order":5,"comment_status":"closed","ping_status":"closed","template":"","meta":{"footnotes":""},"class_list":["post-60","page","type-page","status-publish"],"yoast_head":"<!-- This site is optimized with the Yoast SEO plugin v27.5 - https:\/\/yoast.com\/product\/yoast-seo-wordpress\/ -->\n<title>Kontakt zum Schlagzeugunterricht und Standorte | Thomas Moia<\/title>\n<meta name=\"description\" content=\"Kontakt zum Schlagzeugunterricht &amp; Orte \u25b6 K\u00fcnkelstra\u00dfe 123, 41063 M\u00f6nchengladbach oder Burgwall, 41379 Br\u00fcggen \u260e 0157 \/ 3374 2603 Thomas Moia\" \/>\n<meta name=\"robots\" content=\"index, follow, max-snippet:-1, max-image-preview:large, max-video-preview:-1\" \/>\n<link rel=\"canonical\" href=\"https:\/\/thomasmoia.de\/wordpress\/kontakt-schlagzeugunterricht\/\" \/>\n<meta property=\"og:locale\" content=\"de_DE\" \/>\n<meta property=\"og:type\" content=\"article\" \/>\n<meta property=\"og:title\" content=\"Kontakt zum Schlagzeugunterricht und Standorte | Thomas Moia\" \/>\n<meta property=\"og:description\" content=\"Kontakt zum Schlagzeugunterricht &amp; Orte \u25b6 K\u00fcnkelstra\u00dfe 123, 41063 M\u00f6nchengladbach oder Burgwall, 41379 Br\u00fcggen \u260e 0157 \/ 3374 2603 Thomas Moia\" \/>\n<meta property=\"og:url\" content=\"https:\/\/thomasmoia.de\/wordpress\/kontakt-schlagzeugunterricht\/\" \/>\n<meta property=\"og:site_name\" content=\"Schlagzeugunterricht | Thomas Moia\" \/>\n<meta property=\"article:publisher\" content=\"https:\/\/www.facebook.com\/Schlagzeugunterricht-Thomas-Moia\" \/>\n<meta property=\"article:modified_time\" content=\"2023-06-29T15:25:17+00:00\" \/>\n<meta property=\"og:image\" content=\"https:\/\/thomasmoia.de\/wordpress\/wp-content\/uploads\/2018\/11\/DSC_7645-150x150.jpg\" \/>\n<meta name=\"twitter:card\" content=\"summary_large_image\" \/>\n<meta name=\"twitter:site\" content=\"@thomas_moia\" \/>\n<meta name=\"twitter:label1\" content=\"Gesch\u00e4tzte Lesezeit\" \/>\n\t<meta name=\"twitter:data1\" content=\"1\u00a0Minute\" \/>\n<script type=\"application\/ld+json\" class=\"yoast-schema-graph\">{\"@context\":\"https:\\\/\\\/schema.org\",\"@graph\":[{\"@type\":\"WebPage\",\"@id\":\"https:\\\/\\\/thomasmoia.de\\\/wordpress\\\/kontakt-schlagzeugunterricht\\\/\",\"url\":\"https:\\\/\\\/thomasmoia.de\\\/wordpress\\\/kontakt-schlagzeugunterricht\\\/\",\"name\":\"Kontakt zum Schlagzeugunterricht und Standorte | Thomas Moia\",\"isPartOf\":{\"@id\":\"https:\\\/\\\/thomasmoia.de\\\/wordpress\\\/#website\"},\"primaryImageOfPage\":{\"@id\":\"https:\\\/\\\/thomasmoia.de\\\/wordpress\\\/kontakt-schlagzeugunterricht\\\/#primaryimage\"},\"image\":{\"@id\":\"https:\\\/\\\/thomasmoia.de\\\/wordpress\\\/kontakt-schlagzeugunterricht\\\/#primaryimage\"},\"thumbnailUrl\":\"https:\\\/\\\/thomasmoia.de\\\/wordpress\\\/wp-content\\\/uploads\\\/2018\\\/11\\\/DSC_7645-150x150.jpg\",\"datePublished\":\"2014-05-11T01:40:58+00:00\",\"dateModified\":\"2023-06-29T15:25:17+00:00\",\"description\":\"Kontakt zum Schlagzeugunterricht & Orte \u25b6 K\u00fcnkelstra\u00dfe 123, 41063 M\u00f6nchengladbach oder Burgwall, 41379 Br\u00fcggen \u260e 0157 \\\/ 3374 2603 Thomas Moia\",\"breadcrumb\":{\"@id\":\"https:\\\/\\\/thomasmoia.de\\\/wordpress\\\/kontakt-schlagzeugunterricht\\\/#breadcrumb\"},\"inLanguage\":\"de\",\"potentialAction\":[{\"@type\":\"ReadAction\",\"target\":[\"https:\\\/\\\/thomasmoia.de\\\/wordpress\\\/kontakt-schlagzeugunterricht\\\/\"]}]},{\"@type\":\"ImageObject\",\"inLanguage\":\"de\",\"@id\":\"https:\\\/\\\/thomasmoia.de\\\/wordpress\\\/kontakt-schlagzeugunterricht\\\/#primaryimage\",\"url\":\"https:\\\/\\\/thomasmoia.de\\\/wordpress\\\/wp-content\\\/uploads\\\/2018\\\/11\\\/DSC_7645.jpg\",\"contentUrl\":\"https:\\\/\\\/thomasmoia.de\\\/wordpress\\\/wp-content\\\/uploads\\\/2018\\\/11\\\/DSC_7645.jpg\",\"width\":800,\"height\":532},{\"@type\":\"BreadcrumbList\",\"@id\":\"https:\\\/\\\/thomasmoia.de\\\/wordpress\\\/kontakt-schlagzeugunterricht\\\/#breadcrumb\",\"itemListElement\":[{\"@type\":\"ListItem\",\"position\":1,\"name\":\"Startseite\",\"item\":\"https:\\\/\\\/thomasmoia.de\\\/wordpress\\\/\"},{\"@type\":\"ListItem\",\"position\":2,\"name\":\"Kontakt\"}]},{\"@type\":\"WebSite\",\"@id\":\"https:\\\/\\\/thomasmoia.de\\\/wordpress\\\/#website\",\"url\":\"https:\\\/\\\/thomasmoia.de\\\/wordpress\\\/\",\"name\":\"Schlagzeugunterricht | Thomas Moia\",\"description\":\"Schlagzeugunterricht in Viersen oder Online unter &quot;Trion+&quot;\",\"potentialAction\":[{\"@type\":\"SearchAction\",\"target\":{\"@type\":\"EntryPoint\",\"urlTemplate\":\"https:\\\/\\\/thomasmoia.de\\\/wordpress\\\/?s={search_term_string}\"},\"query-input\":{\"@type\":\"PropertyValueSpecification\",\"valueRequired\":true,\"valueName\":\"search_term_string\"}}],\"inLanguage\":\"de\"}]}<\/script>\n<!-- \/ Yoast SEO plugin. -->","yoast_head_json":{"title":"Kontakt zum Schlagzeugunterricht und Standorte | Thomas Moia","description":"Kontakt zum Schlagzeugunterricht & Orte \u25b6 K\u00fcnkelstra\u00dfe 123, 41063 M\u00f6nchengladbach oder Burgwall, 41379 Br\u00fcggen \u260e 0157 \/ 3374 2603 Thomas Moia","robots":{"index":"index","follow":"follow","max-snippet":"max-snippet:-1","max-image-preview":"max-image-preview:large","max-video-preview":"max-video-preview:-1"},"canonical":"https:\/\/thomasmoia.de\/wordpress\/kontakt-schlagzeugunterricht\/","og_locale":"de_DE","og_type":"article","og_title":"Kontakt zum Schlagzeugunterricht und Standorte | Thomas Moia","og_description":"Kontakt zum Schlagzeugunterricht & Orte \u25b6 K\u00fcnkelstra\u00dfe 123, 41063 M\u00f6nchengladbach oder Burgwall, 41379 Br\u00fcggen \u260e 0157 \/ 3374 2603 Thomas Moia","og_url":"https:\/\/thomasmoia.de\/wordpress\/kontakt-schlagzeugunterricht\/","og_site_name":"Schlagzeugunterricht | Thomas Moia","article_publisher":"https:\/\/www.facebook.com\/Schlagzeugunterricht-Thomas-Moia","article_modified_time":"2023-06-29T15:25:17+00:00","og_image":[{"url":"https:\/\/thomasmoia.de\/wordpress\/wp-content\/uploads\/2018\/11\/DSC_7645-150x150.jpg","type":"","width":"","height":""}],"twitter_card":"summary_large_image","twitter_site":"@thomas_moia","twitter_misc":{"Gesch\u00e4tzte Lesezeit":"1\u00a0Minute"},"schema":{"@context":"https:\/\/schema.org","@graph":[{"@type":"WebPage","@id":"https:\/\/thomasmoia.de\/wordpress\/kontakt-schlagzeugunterricht\/","url":"https:\/\/thomasmoia.de\/wordpress\/kontakt-schlagzeugunterricht\/","name":"Kontakt zum Schlagzeugunterricht und Standorte | Thomas Moia","isPartOf":{"@id":"https:\/\/thomasmoia.de\/wordpress\/#website"},"primaryImageOfPage":{"@id":"https:\/\/thomasmoia.de\/wordpress\/kontakt-schlagzeugunterricht\/#primaryimage"},"image":{"@id":"https:\/\/thomasmoia.de\/wordpress\/kontakt-schlagzeugunterricht\/#primaryimage"},"thumbnailUrl":"https:\/\/thomasmoia.de\/wordpress\/wp-content\/uploads\/2018\/11\/DSC_7645-150x150.jpg","datePublished":"2014-05-11T01:40:58+00:00","dateModified":"2023-06-29T15:25:17+00:00","description":"Kontakt zum Schlagzeugunterricht & Orte \u25b6 K\u00fcnkelstra\u00dfe 123, 41063 M\u00f6nchengladbach oder Burgwall, 41379 Br\u00fcggen \u260e 0157 \/ 3374 2603 Thomas Moia","breadcrumb":{"@id":"https:\/\/thomasmoia.de\/wordpress\/kontakt-schlagzeugunterricht\/#breadcrumb"},"inLanguage":"de","potentialAction":[{"@type":"ReadAction","target":["https:\/\/thomasmoia.de\/wordpress\/kontakt-schlagzeugunterricht\/"]}]},{"@type":"ImageObject","inLanguage":"de","@id":"https:\/\/thomasmoia.de\/wordpress\/kontakt-schlagzeugunterricht\/#primaryimage","url":"https:\/\/thomasmoia.de\/wordpress\/wp-content\/uploads\/2018\/11\/DSC_7645.jpg","contentUrl":"https:\/\/thomasmoia.de\/wordpress\/wp-content\/uploads\/2018\/11\/DSC_7645.jpg","width":800,"height":532},{"@type":"BreadcrumbList","@id":"https:\/\/thomasmoia.de\/wordpress\/kontakt-schlagzeugunterricht\/#breadcrumb","itemListElement":[{"@type":"ListItem","position":1,"name":"Startseite","item":"https:\/\/thomasmoia.de\/wordpress\/"},{"@type":"ListItem","position":2,"name":"Kontakt"}]},{"@type":"WebSite","@id":"https:\/\/thomasmoia.de\/wordpress\/#website","url":"https:\/\/thomasmoia.de\/wordpress\/","name":"Schlagzeugunterricht | Thomas Moia","description":"Schlagzeugunterricht in Viersen oder Online unter &quot;Trion+&quot;","potentialAction":[{"@type":"SearchAction","target":{"@type":"EntryPoint","urlTemplate":"https:\/\/thomasmoia.de\/wordpress\/?s={search_term_string}"},"query-input":{"@type":"PropertyValueSpecification","valueRequired":true,"valueName":"search_term_string"}}],"inLanguage":"de"}]}},"_links":{"self":[{"href":"https:\/\/thomasmoia.de\/wordpress\/wp-json\/wp\/v2\/pages\/60","targetHints":{"allow":["GET"]}}],"collection":[{"href":"https:\/\/thomasmoia.de\/wordpress\/wp-json\/wp\/v2\/pages"}],"about":[{"href":"https:\/\/thomasmoia.de\/wordpress\/wp-json\/wp\/v2\/types\/page"}],"author":[{"embeddable":true,"href":"https:\/\/thomasmoia.de\/wordpress\/wp-json\/wp\/v2\/users\/2"}],"replies":[{"embeddable":true,"href":"https:\/\/thomasmoia.de\/wordpress\/wp-json\/wp\/v2\/comments?post=60"}],"version-history":[{"count":57,"href":"https:\/\/thomasmoia.de\/wordpress\/wp-json\/wp\/v2\/pages\/60\/revisions"}],"predecessor-version":[{"id":2038,"href":"https:\/\/thomasmoia.de\/wordpress\/wp-json\/wp\/v2\/pages\/60\/revisions\/2038"}],"wp:attachment":[{"href":"https:\/\/thomasmoia.de\/wordpress\/wp-json\/wp\/v2\/media?parent=60"}],"curies":[{"name":"wp","href":"https:\/\/api.w.org\/{rel}","templated":true}]}}